{"id":26285,"date":"2025-10-13T10:58:34","date_gmt":"2025-10-13T10:58:34","guid":{"rendered":"https:\/\/moirai.si\/?post_type=product&#038;p=26285"},"modified":"2025-10-23T17:16:37","modified_gmt":"2025-10-23T17:16:37","slug":"macrame-malahit-2","status":"publish","type":"product","link":"https:\/\/moirai.si\/de\/izdelek\/macrame-malahit-2\/","title":{"rendered":"Makramee Malahit"},"content":{"rendered":"<p>Unisex zapestnica kolekcije Macrame, ki je narejena iz Malahita. Zapestnica je prilagodljiva in enostavna za no\u0161enje. <\/p>\n<p>MATERIAL:   Malahit<br \/>\nL\u00c4NGE: einstellbar von 16-25cm<br \/>\nTE\u017dA: 19,3 g<br \/>\nSTEINGR\u00d6SSE: 5-8 mm<\/p>","protected":false},"excerpt":{"rendered":"<p>Unisex zapestnica kolekcije Macrame, ki je narejena iz Malahita. Zapestnica je prilagodljiva in enostavna za no\u0161enje. MATERIAL: Malahit DOL\u017dINA: prilagodljiva od 16-25cm TE\u017dA: 19,3 g VELIKOST KAMNOV: 5-8 mm<\/p>","protected":false},"featured_media":26286,"template":"","meta":[],"product_brand":[],"product_cat":[820,212,60,821,822,823,1137],"product_tag":[399],"class_list":{"0":"post-26285","1":"product","2":"type-product","3":"status-publish","4":"has-post-thumbnail","6":"product_cat-do-18cm","7":"product_cat-macrame-2","8":"product_cat-malahit","9":"product_cat-od-18-do-19cm","10":"product_cat-od-19-do-20cm","11":"product_cat-od-20cm","12":"product_cat-ogled-vseh-zapestnice-2","13":"product_tag-malahit","15":"first","16":"instock","17":"shipping-taxable","18":"purchasable","19":"product-type-simple"},"_links":{"self":[{"href":"https:\/\/moirai.si\/de\/wp-json\/wp\/v2\/product\/26285","targetHints":{"allow":["GET"]}}],"collection":[{"href":"https:\/\/moirai.si\/de\/wp-json\/wp\/v2\/product"}],"about":[{"href":"https:\/\/moirai.si\/de\/wp-json\/wp\/v2\/types\/product"}],"wp:featuredmedia":[{"embeddable":true,"href":"https:\/\/moirai.si\/de\/wp-json\/wp\/v2\/media\/26286"}],"wp:attachment":[{"href":"https:\/\/moirai.si\/de\/wp-json\/wp\/v2\/media?parent=26285"}],"wp:term":[{"taxonomy":"product_brand","embeddable":true,"href":"https:\/\/moirai.si\/de\/wp-json\/wp\/v2\/product_brand?post=26285"},{"taxonomy":"product_cat","embeddable":true,"href":"https:\/\/moirai.si\/de\/wp-json\/wp\/v2\/product_cat?post=26285"},{"taxonomy":"product_tag","embeddable":true,"href":"https:\/\/moirai.si\/de\/wp-json\/wp\/v2\/product_tag?post=26285"}],"curies":[{"name":"wp","href":"https:\/\/api.w.org\/{rel}","templated":true}]}}