{"id":26291,"date":"2025-10-13T12:03:38","date_gmt":"2025-10-13T12:03:38","guid":{"rendered":"https:\/\/moirai.si\/?post_type=product&#038;p=26291"},"modified":"2026-04-19T20:27:10","modified_gmt":"2026-04-19T20:27:10","slug":"macrame-mix-cakra-2","status":"publish","type":"product","link":"https:\/\/moirai.si\/de\/izdelek\/macrame-mix-cakra-2\/","title":{"rendered":"Makramee Mix Chakra"},"content":{"rendered":"<p>Unisex-Armband aus der Macrame-Kollektion, hergestellt aus verschiedenen Steinen. Das Armband ist flexibel und leicht zu tragen. <\/p>\n<p>MATERIAL: Kamena Strela, Ametist, Angelit, Amazonit, Lapis Lazuli, Aventurin, Ro\u017eevec, Karneol, Hematit, Granat, \u010drni Turmalin, \u010drni Obsidijan<br \/>\nL\u00c4NGE: einstellbar von 16-25cm<br \/>\nTE\u017dA: 17.9 g<br \/>\nSteingr\u00f6\u00dfe: 6-8 mm<\/p>","protected":false},"excerpt":{"rendered":"<p>Unisex zapestnica kolekcije Macrame, ki je narejena iz razli\u010dnih kamnov. Zapestnica je prilagodljiva in enostavna za no\u0161enje. MATERIAL: Kamena Strela, Ametist, Angelit, Amazonit, Lapis Lazuli, Aventurin, Ro\u017eevec, Karneol, Hematit, Granat, \u010drni Turmalin, \u010drni Obsidijan DOL\u017dINA: prilagodljiva od 16-25cm TE\u017dA: 17.9 g VELIKOST KAMNOV: 6-8 mm<\/p>","protected":false},"featured_media":26292,"template":"","meta":[],"product_brand":[],"product_cat":[32,33,846,31,820,41,42,68,48,848,55,212,63,821,822,823,1137,69,85],"product_tag":[228,195,826,200,868,766,201,202,203,198,280,225],"class_list":{"0":"post-26291","1":"product","2":"type-product","3":"status-publish","4":"has-post-thumbnail","6":"product_cat-amazonit","7":"product_cat-ametist","8":"product_cat-angelit","9":"product_cat-aventurin","10":"product_cat-do-18cm","11":"product_cat-granat","12":"product_cat-hematit","13":"product_cat-kamena-strela","14":"product_cat-karneol","15":"product_cat-kvarc","16":"product_cat-lapis-lazuli","17":"product_cat-macrame-2","18":"product_cat-obsidijan","19":"product_cat-od-18-do-19cm","20":"product_cat-od-19-do-20cm","21":"product_cat-od-20cm","22":"product_cat-ogled-vseh-zapestnice-2","23":"product_cat-rozevec","24":"product_cat-turmalin","25":"product_tag-amazonit","26":"product_tag-ametist","27":"product_tag-angelit","28":"product_tag-aventurin","29":"product_tag-crni-obsidijan","30":"product_tag-crni-turmalin","31":"product_tag-granat","32":"product_tag-hematit","33":"product_tag-kamena-strela","34":"product_tag-karneol","35":"product_tag-lapis-lazuli","36":"product_tag-rozevec","38":"first","39":"instock","40":"shipping-taxable","41":"purchasable","42":"product-type-simple"},"_links":{"self":[{"href":"https:\/\/moirai.si\/de\/wp-json\/wp\/v2\/product\/26291","targetHints":{"allow":["GET"]}}],"collection":[{"href":"https:\/\/moirai.si\/de\/wp-json\/wp\/v2\/product"}],"about":[{"href":"https:\/\/moirai.si\/de\/wp-json\/wp\/v2\/types\/product"}],"wp:featuredmedia":[{"embeddable":true,"href":"https:\/\/moirai.si\/de\/wp-json\/wp\/v2\/media\/26292"}],"wp:attachment":[{"href":"https:\/\/moirai.si\/de\/wp-json\/wp\/v2\/media?parent=26291"}],"wp:term":[{"taxonomy":"product_brand","embeddable":true,"href":"https:\/\/moirai.si\/de\/wp-json\/wp\/v2\/product_brand?post=26291"},{"taxonomy":"product_cat","embeddable":true,"href":"https:\/\/moirai.si\/de\/wp-json\/wp\/v2\/product_cat?post=26291"},{"taxonomy":"product_tag","embeddable":true,"href":"https:\/\/moirai.si\/de\/wp-json\/wp\/v2\/product_tag?post=26291"}],"curies":[{"name":"wp","href":"https:\/\/api.w.org\/{rel}","templated":true}]}}