{"id":26293,"date":"2025-10-13T12:08:00","date_gmt":"2025-10-13T12:08:00","guid":{"rendered":"https:\/\/moirai.si\/?post_type=product&#038;p=26293"},"modified":"2026-03-26T13:21:43","modified_gmt":"2026-03-26T13:21:43","slug":"macrame-amazonit-3","status":"publish","type":"product","link":"https:\/\/moirai.si\/de\/izdelek\/macrame-amazonit-3\/","title":{"rendered":"Makramee-Amazonit"},"content":{"rendered":"<p>Unisex zapestnica kolekcije Macrame, ki je narejena iz Amazonita. Zapestnica je prilagodljiva in enostavna za no\u0161enje. <\/p>\n<p>MATERIAL:  Amazonit<br \/>\nL\u00c4NGE: einstellbar von 16-25cm<br \/>\nTE\u017dA: 14.9 g<br \/>\nSteingr\u00f6\u00dfe: 6-8 mm<\/p>","protected":false},"excerpt":{"rendered":"<p>Unisex zapestnica kolekcije Macrame, ki je narejena iz Amazonita. Zapestnica je prilagodljiva in enostavna za no\u0161enje. MATERIAL: Amazonit DOL\u017dINA: prilagodljiva od 16-25cm TE\u017dA: 14.9 g VELIKOST KAMNOV: 6-8 mm<\/p>","protected":false},"featured_media":26294,"template":"","meta":[],"product_brand":[],"product_cat":[32,820,212,821,822,823,1137],"product_tag":[228],"class_list":{"0":"post-26293","1":"product","2":"type-product","3":"status-publish","4":"has-post-thumbnail","6":"product_cat-amazonit","7":"product_cat-do-18cm","8":"product_cat-macrame-2","9":"product_cat-od-18-do-19cm","10":"product_cat-od-19-do-20cm","11":"product_cat-od-20cm","12":"product_cat-ogled-vseh-zapestnice-2","13":"product_tag-amazonit","15":"first","16":"instock","17":"featured","18":"shipping-taxable","19":"purchasable","20":"product-type-simple"},"_links":{"self":[{"href":"https:\/\/moirai.si\/de\/wp-json\/wp\/v2\/product\/26293","targetHints":{"allow":["GET"]}}],"collection":[{"href":"https:\/\/moirai.si\/de\/wp-json\/wp\/v2\/product"}],"about":[{"href":"https:\/\/moirai.si\/de\/wp-json\/wp\/v2\/types\/product"}],"wp:featuredmedia":[{"embeddable":true,"href":"https:\/\/moirai.si\/de\/wp-json\/wp\/v2\/media\/26294"}],"wp:attachment":[{"href":"https:\/\/moirai.si\/de\/wp-json\/wp\/v2\/media?parent=26293"}],"wp:term":[{"taxonomy":"product_brand","embeddable":true,"href":"https:\/\/moirai.si\/de\/wp-json\/wp\/v2\/product_brand?post=26293"},{"taxonomy":"product_cat","embeddable":true,"href":"https:\/\/moirai.si\/de\/wp-json\/wp\/v2\/product_cat?post=26293"},{"taxonomy":"product_tag","embeddable":true,"href":"https:\/\/moirai.si\/de\/wp-json\/wp\/v2\/product_tag?post=26293"}],"curies":[{"name":"wp","href":"https:\/\/api.w.org\/{rel}","templated":true}]}}