{"id":26299,"date":"2025-10-13T12:17:24","date_gmt":"2025-10-13T12:17:24","guid":{"rendered":"https:\/\/moirai.si\/?post_type=product&#038;p=26299"},"modified":"2025-10-13T12:17:24","modified_gmt":"2025-10-13T12:17:24","slug":"macrame-mesecev-kamen-mavricni","status":"publish","type":"product","link":"https:\/\/moirai.si\/de\/izdelek\/macrame-mesecev-kamen-mavricni\/","title":{"rendered":"Macrame Mese\u010dev Kamen Mavri\u010dni"},"content":{"rendered":"<p>Unisex zapestnica kolekcije Macrame, ki je narejena iz Mavri\u010dnega Mese\u010devega Kamna. Zapestnica je prilagodljiva in enostavna za no\u0161enje. <\/p>\n<p>MATERIAL:  Mavri\u010dni Mese\u010dev Kamen<br \/>\nL\u00c4NGE: einstellbar von 16-25cm<br \/>\nTE\u017dA: 6.5 g<br \/>\nSteingr\u00f6\u00dfe: 6-8 mm<\/p>","protected":false},"excerpt":{"rendered":"<p>Unisex zapestnica kolekcije Macrame, ki je narejena iz Mavri\u010dnega Mese\u010devega Kamna. Zapestnica je prilagodljiva in enostavna za no\u0161enje. MATERIAL: Mavri\u010dni Mese\u010dev Kamen DOL\u017dINA: prilagodljiva od 16-25cm TE\u017dA: 6.5 g VELIKOST KAMNOV: 6-8 mm<\/p>","protected":false},"featured_media":26300,"template":"","meta":[],"product_brand":[],"product_cat":[820,212,59,821,822,823,1137],"product_tag":[279],"class_list":{"0":"post-26299","1":"product","2":"type-product","3":"status-publish","4":"has-post-thumbnail","6":"product_cat-do-18cm","7":"product_cat-macrame-2","8":"product_cat-mesecev-kamen","9":"product_cat-od-18-do-19cm","10":"product_cat-od-19-do-20cm","11":"product_cat-od-20cm","12":"product_cat-ogled-vseh-zapestnice-2","13":"product_tag-mavricni-mesecev-kamen","15":"first","16":"instock","17":"shipping-taxable","18":"purchasable","19":"product-type-simple"},"_links":{"self":[{"href":"https:\/\/moirai.si\/de\/wp-json\/wp\/v2\/product\/26299","targetHints":{"allow":["GET"]}}],"collection":[{"href":"https:\/\/moirai.si\/de\/wp-json\/wp\/v2\/product"}],"about":[{"href":"https:\/\/moirai.si\/de\/wp-json\/wp\/v2\/types\/product"}],"wp:featuredmedia":[{"embeddable":true,"href":"https:\/\/moirai.si\/de\/wp-json\/wp\/v2\/media\/26300"}],"wp:attachment":[{"href":"https:\/\/moirai.si\/de\/wp-json\/wp\/v2\/media?parent=26299"}],"wp:term":[{"taxonomy":"product_brand","embeddable":true,"href":"https:\/\/moirai.si\/de\/wp-json\/wp\/v2\/product_brand?post=26299"},{"taxonomy":"product_cat","embeddable":true,"href":"https:\/\/moirai.si\/de\/wp-json\/wp\/v2\/product_cat?post=26299"},{"taxonomy":"product_tag","embeddable":true,"href":"https:\/\/moirai.si\/de\/wp-json\/wp\/v2\/product_tag?post=26299"}],"curies":[{"name":"wp","href":"https:\/\/api.w.org\/{rel}","templated":true}]}}