{"id":26317,"date":"2025-10-22T10:06:05","date_gmt":"2025-10-22T10:06:05","guid":{"rendered":"https:\/\/moirai.si\/?post_type=product&#038;p=26317"},"modified":"2025-10-22T10:06:05","modified_gmt":"2025-10-22T10:06:05","slug":"obesek-karneol-4","status":"publish","type":"product","link":"https:\/\/moirai.si\/de\/izdelek\/obesek-karneol-4\/","title":{"rendered":"Karneol-Anh\u00e4nger"},"content":{"rendered":"<p>\u010cudovit obesek Karneola in rodiniranega srebra 925. Veri\u017eica ni vklju\u010dena v ceno. <\/p>\n<p>MATERIAL: Karneol, Sterlingsilber 925<br \/>\nGEWICHT: 3,6 g<br \/>\nVELIKOST KAMNA: 1,3&#215;1,6 cm<br \/>\nSTEINDICKE: 0,7 cm<br \/>\nL\u00c4NGE DES BILDES: 2,6 cm<\/p>","protected":false},"excerpt":{"rendered":"<p>\u010cudovit obesek Karneola in rodiniranega srebra 925. Veri\u017eica ni vklju\u010dena v ceno. MATERIAL: Karneol, rodinirano srebro 925 TE\u017dA: 3,6 g VELIKOST KAMNA: 1,3&#215;1,6 cm DEBELINA KAMNA: 0,7 cm DOL\u017dINA OBESKA: 2,6 cm<\/p>","protected":false},"featured_media":26318,"template":"","meta":[],"product_brand":[],"product_cat":[48,910],"product_tag":[198,637],"class_list":{"0":"post-26317","1":"product","2":"type-product","3":"status-publish","4":"has-post-thumbnail","6":"product_cat-karneol","7":"product_cat-obeski-in-srebro","8":"product_tag-karneol","9":"product_tag-rodinirano-srebro-925","11":"first","12":"instock","13":"shipping-taxable","14":"purchasable","15":"product-type-simple"},"_links":{"self":[{"href":"https:\/\/moirai.si\/de\/wp-json\/wp\/v2\/product\/26317","targetHints":{"allow":["GET"]}}],"collection":[{"href":"https:\/\/moirai.si\/de\/wp-json\/wp\/v2\/product"}],"about":[{"href":"https:\/\/moirai.si\/de\/wp-json\/wp\/v2\/types\/product"}],"wp:featuredmedia":[{"embeddable":true,"href":"https:\/\/moirai.si\/de\/wp-json\/wp\/v2\/media\/26318"}],"wp:attachment":[{"href":"https:\/\/moirai.si\/de\/wp-json\/wp\/v2\/media?parent=26317"}],"wp:term":[{"taxonomy":"product_brand","embeddable":true,"href":"https:\/\/moirai.si\/de\/wp-json\/wp\/v2\/product_brand?post=26317"},{"taxonomy":"product_cat","embeddable":true,"href":"https:\/\/moirai.si\/de\/wp-json\/wp\/v2\/product_cat?post=26317"},{"taxonomy":"product_tag","embeddable":true,"href":"https:\/\/moirai.si\/de\/wp-json\/wp\/v2\/product_tag?post=26317"}],"curies":[{"name":"wp","href":"https:\/\/api.w.org\/{rel}","templated":true}]}}