{"id":26327,"date":"2025-10-22T10:30:21","date_gmt":"2025-10-22T10:30:21","guid":{"rendered":"https:\/\/moirai.si\/?post_type=product&#038;p=26327"},"modified":"2025-10-22T10:30:21","modified_gmt":"2025-10-22T10:30:21","slug":"obesek-kalcedon-2","status":"publish","type":"product","link":"https:\/\/moirai.si\/de\/izdelek\/obesek-kalcedon-2\/","title":{"rendered":"Chalcedon-Anh\u00e4nger"},"content":{"rendered":"<p>\u010cudovit obesek Kalcedona in rodiniranega srebra 925. Veri\u017eica ni vklju\u010dena v ceno. <\/p>\n<p>MATERIAL: Kalcedon, rodinirano srebro 925<br \/>\nGEWICHT: 8 g<br \/>\nVELIKOST KAMNA: 2,4&#215;2,8 cm<br \/>\nSTEINDICKE: 0,7 cm<br \/>\nDOL\u017dINA OBESKA: 3,8 cm<\/p>","protected":false},"excerpt":{"rendered":"<p>\u010cudovit obesek Kalcedona in rodiniranega srebra 925. Veri\u017eica ni vklju\u010dena v ceno. MATERIAL: Kalcedon, rodinirano srebro 925 TE\u017dA: 8 g VELIKOST KAMNA: 2,4&#215;2,8 cm DEBELINA KAMNA: 0,7 cm DOL\u017dINA OBESKA: 3,8 cm<\/p>","protected":false},"featured_media":26328,"template":"","meta":[],"product_brand":[],"product_cat":[439,910],"product_tag":[396,637],"class_list":{"0":"post-26327","1":"product","2":"type-product","3":"status-publish","4":"has-post-thumbnail","6":"product_cat-kalcedon","7":"product_cat-obeski-in-srebro","8":"product_tag-kalcedon","9":"product_tag-rodinirano-srebro-925","11":"first","12":"instock","13":"shipping-taxable","14":"purchasable","15":"product-type-simple"},"_links":{"self":[{"href":"https:\/\/moirai.si\/de\/wp-json\/wp\/v2\/product\/26327","targetHints":{"allow":["GET"]}}],"collection":[{"href":"https:\/\/moirai.si\/de\/wp-json\/wp\/v2\/product"}],"about":[{"href":"https:\/\/moirai.si\/de\/wp-json\/wp\/v2\/types\/product"}],"wp:featuredmedia":[{"embeddable":true,"href":"https:\/\/moirai.si\/de\/wp-json\/wp\/v2\/media\/26328"}],"wp:attachment":[{"href":"https:\/\/moirai.si\/de\/wp-json\/wp\/v2\/media?parent=26327"}],"wp:term":[{"taxonomy":"product_brand","embeddable":true,"href":"https:\/\/moirai.si\/de\/wp-json\/wp\/v2\/product_brand?post=26327"},{"taxonomy":"product_cat","embeddable":true,"href":"https:\/\/moirai.si\/de\/wp-json\/wp\/v2\/product_cat?post=26327"},{"taxonomy":"product_tag","embeddable":true,"href":"https:\/\/moirai.si\/de\/wp-json\/wp\/v2\/product_tag?post=26327"}],"curies":[{"name":"wp","href":"https:\/\/api.w.org\/{rel}","templated":true}]}}