{"id":26343,"date":"2025-10-22T11:18:13","date_gmt":"2025-10-22T11:18:13","guid":{"rendered":"https:\/\/moirai.si\/?post_type=product&#038;p=26343"},"modified":"2025-10-22T11:18:13","modified_gmt":"2025-10-22T11:18:13","slug":"obesek-obsidijan-crni","status":"publish","type":"product","link":"https:\/\/moirai.si\/de\/izdelek\/obesek-obsidijan-crni\/","title":{"rendered":"Obesek Obsidijan \u010crni"},"content":{"rendered":"<p>\u010cudovit obesek \u010drnega Obsidijana in rodiniranega srebra 925. Veri\u017eica ni vklju\u010dena v ceno. <\/p>\n<p>MATERIAL: schwarzer Obsidian, Sterling Silber 925<br \/>\nTE\u017dA: 4,4 g<br \/>\nVELIKOST KAMNA: 0,9&#215;2,2 cm<br \/>\nSTEINSTICKE: 0,9 cm<br \/>\nDOL\u017dINA OBESKA: 2,8 cm<\/p>","protected":false},"excerpt":{"rendered":"<p>\u010cudovit obesek \u010drnega Obsidijana in rodiniranega srebra 925. Veri\u017eica ni vklju\u010dena v ceno. MATERIAL: \u010drni Obsidijan, rodinirano srebro 925 TE\u017dA: 4,4 g VELIKOST KAMNA: 0,9&#215;2,2 cm DEBELINA KAMNA: 0,9 cm DOL\u017dINA OBESKA: 2,8 cm<\/p>","protected":false},"featured_media":26344,"template":"","meta":[],"product_brand":[],"product_cat":[910,63],"product_tag":[868,637],"class_list":{"0":"post-26343","1":"product","2":"type-product","3":"status-publish","4":"has-post-thumbnail","6":"product_cat-obeski-in-srebro","7":"product_cat-obsidijan","8":"product_tag-crni-obsidijan","9":"product_tag-rodinirano-srebro-925","11":"first","12":"instock","13":"shipping-taxable","14":"purchasable","15":"product-type-simple"},"_links":{"self":[{"href":"https:\/\/moirai.si\/de\/wp-json\/wp\/v2\/product\/26343","targetHints":{"allow":["GET"]}}],"collection":[{"href":"https:\/\/moirai.si\/de\/wp-json\/wp\/v2\/product"}],"about":[{"href":"https:\/\/moirai.si\/de\/wp-json\/wp\/v2\/types\/product"}],"wp:featuredmedia":[{"embeddable":true,"href":"https:\/\/moirai.si\/de\/wp-json\/wp\/v2\/media\/26344"}],"wp:attachment":[{"href":"https:\/\/moirai.si\/de\/wp-json\/wp\/v2\/media?parent=26343"}],"wp:term":[{"taxonomy":"product_brand","embeddable":true,"href":"https:\/\/moirai.si\/de\/wp-json\/wp\/v2\/product_brand?post=26343"},{"taxonomy":"product_cat","embeddable":true,"href":"https:\/\/moirai.si\/de\/wp-json\/wp\/v2\/product_cat?post=26343"},{"taxonomy":"product_tag","embeddable":true,"href":"https:\/\/moirai.si\/de\/wp-json\/wp\/v2\/product_tag?post=26343"}],"curies":[{"name":"wp","href":"https:\/\/api.w.org\/{rel}","templated":true}]}}