{"id":26351,"date":"2025-10-22T11:39:48","date_gmt":"2025-10-22T11:39:48","guid":{"rendered":"https:\/\/moirai.si\/?post_type=product&#038;p=26351"},"modified":"2025-10-22T11:39:48","modified_gmt":"2025-10-22T11:39:48","slug":"obesek-granat-zeleni","status":"publish","type":"product","link":"https:\/\/moirai.si\/de\/izdelek\/obesek-granat-zeleni\/","title":{"rendered":"Obesek Granat Zeleni"},"content":{"rendered":"<p>\u010cudovit obesek zelenega Granata in rodiniranega srebra 925. Veri\u017eica ni vklju\u010dena v ceno. <\/p>\n<p>MATERIAL: zeleni Granat (Tsavorit ali Tsavolit), rodinirano srebro 925<br \/>\nVELIKOST KAMNA: 1,3&#215;1,8 cm<br \/>\nSTEINDICKE: 0,6 cm<br \/>\nDOL\u017dINA OBESKA: 2,7 cm<br \/>\nTE\u017dA: 5,3g <\/p>","protected":false},"excerpt":{"rendered":"<p>\u010cudovit obesek zelenega Granata in rodiniranega srebra 925. Veri\u017eica ni vklju\u010dena v ceno. MATERIAL: zeleni Granat (Tsavorit ali Tsavolit), rodinirano srebro 925 VELIKOST KAMNA: 1,3&#215;1,8 cm DEBELINA KAMNA: 0,6 cm DOL\u017dINA OBESKA: 2,7 cm TE\u017dA: 5,3g<\/p>","protected":false},"featured_media":26352,"template":"","meta":[],"product_brand":[],"product_cat":[41,910],"product_tag":[637,1117],"class_list":{"0":"post-26351","1":"product","2":"type-product","3":"status-publish","4":"has-post-thumbnail","6":"product_cat-granat","7":"product_cat-obeski-in-srebro","8":"product_tag-rodinirano-srebro-925","9":"product_tag-zeleni-granat-tsavorit-ali-tsavolit","11":"first","12":"instock","13":"shipping-taxable","14":"purchasable","15":"product-type-simple"},"_links":{"self":[{"href":"https:\/\/moirai.si\/de\/wp-json\/wp\/v2\/product\/26351","targetHints":{"allow":["GET"]}}],"collection":[{"href":"https:\/\/moirai.si\/de\/wp-json\/wp\/v2\/product"}],"about":[{"href":"https:\/\/moirai.si\/de\/wp-json\/wp\/v2\/types\/product"}],"wp:featuredmedia":[{"embeddable":true,"href":"https:\/\/moirai.si\/de\/wp-json\/wp\/v2\/media\/26352"}],"wp:attachment":[{"href":"https:\/\/moirai.si\/de\/wp-json\/wp\/v2\/media?parent=26351"}],"wp:term":[{"taxonomy":"product_brand","embeddable":true,"href":"https:\/\/moirai.si\/de\/wp-json\/wp\/v2\/product_brand?post=26351"},{"taxonomy":"product_cat","embeddable":true,"href":"https:\/\/moirai.si\/de\/wp-json\/wp\/v2\/product_cat?post=26351"},{"taxonomy":"product_tag","embeddable":true,"href":"https:\/\/moirai.si\/de\/wp-json\/wp\/v2\/product_tag?post=26351"}],"curies":[{"name":"wp","href":"https:\/\/api.w.org\/{rel}","templated":true}]}}