{"id":26369,"date":"2025-10-22T12:50:25","date_gmt":"2025-10-22T12:50:25","guid":{"rendered":"https:\/\/moirai.si\/?post_type=product&#038;p=26369"},"modified":"2025-10-23T10:35:33","modified_gmt":"2025-10-23T10:35:33","slug":"obesek-ametist-5","status":"publish","type":"product","link":"https:\/\/moirai.si\/de\/izdelek\/obesek-ametist-5\/","title":{"rendered":"Amethyst-Anh\u00e4nger"},"content":{"rendered":"<p>\u010cudovit obesek Ametista in rodiniranega srebra 925. Veri\u017eica ni vklju\u010dena v ceno. <\/p>\n<p>MATERIAL: Amethyst, Sterlingsilber 925<br \/>\nVELIKOST KAMNA: 1,1&#215;2,4 cm<br \/>\nSTEINSTICKE: 0,9 cm<br \/>\nDOL\u017dINA OBESKA: 3,1 cm<br \/>\nGEWICHT: 5,2 g <\/p>","protected":false},"excerpt":{"rendered":"<p>\u010cudovit obesek Ametista in rodiniranega srebra 925. Veri\u017eica ni vklju\u010dena v ceno. MATERIAL: Ametist, rodinirano srebro 925 VELIKOST KAMNA: 1,1&#215;2,4 cm DEBELINA KAMNA: 0,9 cm DOL\u017dINA OBESKA: 3,1 cm TE\u017dA: 5,2 g<\/p>","protected":false},"featured_media":26370,"template":"","meta":[],"product_brand":[],"product_cat":[33,848,910],"product_tag":[195,637],"class_list":{"0":"post-26369","1":"product","2":"type-product","3":"status-publish","4":"has-post-thumbnail","6":"product_cat-ametist","7":"product_cat-kvarc","8":"product_cat-obeski-in-srebro","9":"product_tag-ametist","10":"product_tag-rodinirano-srebro-925","12":"first","13":"instock","14":"shipping-taxable","15":"purchasable","16":"product-type-simple"},"_links":{"self":[{"href":"https:\/\/moirai.si\/de\/wp-json\/wp\/v2\/product\/26369","targetHints":{"allow":["GET"]}}],"collection":[{"href":"https:\/\/moirai.si\/de\/wp-json\/wp\/v2\/product"}],"about":[{"href":"https:\/\/moirai.si\/de\/wp-json\/wp\/v2\/types\/product"}],"wp:featuredmedia":[{"embeddable":true,"href":"https:\/\/moirai.si\/de\/wp-json\/wp\/v2\/media\/26370"}],"wp:attachment":[{"href":"https:\/\/moirai.si\/de\/wp-json\/wp\/v2\/media?parent=26369"}],"wp:term":[{"taxonomy":"product_brand","embeddable":true,"href":"https:\/\/moirai.si\/de\/wp-json\/wp\/v2\/product_brand?post=26369"},{"taxonomy":"product_cat","embeddable":true,"href":"https:\/\/moirai.si\/de\/wp-json\/wp\/v2\/product_cat?post=26369"},{"taxonomy":"product_tag","embeddable":true,"href":"https:\/\/moirai.si\/de\/wp-json\/wp\/v2\/product_tag?post=26369"}],"curies":[{"name":"wp","href":"https:\/\/api.w.org\/{rel}","templated":true}]}}