{"id":26377,"date":"2025-10-22T13:08:11","date_gmt":"2025-10-22T13:08:11","guid":{"rendered":"https:\/\/moirai.si\/?post_type=product&#038;p=26377"},"modified":"2025-10-22T13:08:23","modified_gmt":"2025-10-22T13:08:23","slug":"obesek-malahit","status":"publish","type":"product","link":"https:\/\/moirai.si\/de\/izdelek\/obesek-malahit\/","title":{"rendered":"Malachit-Anh\u00e4nger"},"content":{"rendered":"<p>\u010cudovit obesek Malahita in rodiniranega srebra 925. Veri\u017eica ni vklju\u010dena v ceno. <\/p>\n<p>MATERIAL: Malachit, Sterlingsilber 925<br \/>\nVELIKOST KAMNA: 1,5&#215;2,4 cm<br \/>\nSTEINDICKE: 0,6 cm<br \/>\nL\u00c4NGE DES BILDES: 3,3 cm<br \/>\nTE\u017dA: 7,6 g <\/p>","protected":false},"excerpt":{"rendered":"<p>\u010cudovit obesek Malahita in rodiniranega srebra 925. Veri\u017eica ni vklju\u010dena v ceno. MATERIAL: Malahit, rodinirano srebro 925 VELIKOST KAMNA: 1,5&#215;2,4 cm DEBELINA KAMNA: 0,6 cm DOL\u017dINA OBESKA: 3,3 cm TE\u017dA: 7,6 g<\/p>","protected":false},"featured_media":26378,"template":"","meta":[],"product_brand":[],"product_cat":[60,910],"product_tag":[399,637],"class_list":{"0":"post-26377","1":"product","2":"type-product","3":"status-publish","4":"has-post-thumbnail","6":"product_cat-malahit","7":"product_cat-obeski-in-srebro","8":"product_tag-malahit","9":"product_tag-rodinirano-srebro-925","11":"first","12":"instock","13":"shipping-taxable","14":"purchasable","15":"product-type-simple"},"_links":{"self":[{"href":"https:\/\/moirai.si\/de\/wp-json\/wp\/v2\/product\/26377","targetHints":{"allow":["GET"]}}],"collection":[{"href":"https:\/\/moirai.si\/de\/wp-json\/wp\/v2\/product"}],"about":[{"href":"https:\/\/moirai.si\/de\/wp-json\/wp\/v2\/types\/product"}],"wp:featuredmedia":[{"embeddable":true,"href":"https:\/\/moirai.si\/de\/wp-json\/wp\/v2\/media\/26378"}],"wp:attachment":[{"href":"https:\/\/moirai.si\/de\/wp-json\/wp\/v2\/media?parent=26377"}],"wp:term":[{"taxonomy":"product_brand","embeddable":true,"href":"https:\/\/moirai.si\/de\/wp-json\/wp\/v2\/product_brand?post=26377"},{"taxonomy":"product_cat","embeddable":true,"href":"https:\/\/moirai.si\/de\/wp-json\/wp\/v2\/product_cat?post=26377"},{"taxonomy":"product_tag","embeddable":true,"href":"https:\/\/moirai.si\/de\/wp-json\/wp\/v2\/product_tag?post=26377"}],"curies":[{"name":"wp","href":"https:\/\/api.w.org\/{rel}","templated":true}]}}