{"id":26399,"date":"2025-10-23T17:09:50","date_gmt":"2025-10-23T17:09:50","guid":{"rendered":"https:\/\/moirai.si\/?post_type=product&#038;p=26399"},"modified":"2025-10-23T17:09:51","modified_gmt":"2025-10-23T17:09:51","slug":"obesek-obsidijan-srebrni-7","status":"publish","type":"product","link":"https:\/\/moirai.si\/de\/izdelek\/obesek-obsidijan-srebrni-7\/","title":{"rendered":"Obsidian-Anh\u00e4nger Silber"},"content":{"rendered":"<p>\u010cudovit obesek srebrnega Obsidijana in rodiniranega srebra 925. Veri\u017eica ni vklju\u010dena v ceno. <\/p>\n<p>MATERIAL: Srebrni Obsidijan, rodinirano srebro 925<br \/>\nVELIKOST KAMNA: 1,5&#215;1,6 cm<br \/>\nSTEINDICKE: 0,8 cm<br \/>\nL\u00c4NGE DES ANH\u00c4NGERS: 2,5 cm<br \/>\nTE\u017dA: 4,4 g <\/p>","protected":false},"excerpt":{"rendered":"<p>\u010cudovit obesek srebrnega Obsidijana in rodiniranega srebra 925. Veri\u017eica ni vklju\u010dena v ceno. MATERIAL: Srebrni Obsidijan, rodinirano srebro 925 VELIKOST KAMNA: 1,5&#215;1,6 cm DEBELINA KAMNA: 0,8 cm DOL\u017dINA OBESKA: 2,5 cm TE\u017dA: 4,4 g<\/p>","protected":false},"featured_media":26400,"template":"","meta":[],"product_brand":[],"product_cat":[910,63],"product_tag":[637,827],"class_list":{"0":"post-26399","1":"product","2":"type-product","3":"status-publish","4":"has-post-thumbnail","6":"product_cat-obeski-in-srebro","7":"product_cat-obsidijan","8":"product_tag-rodinirano-srebro-925","9":"product_tag-srebrni-obsidijan","11":"first","12":"instock","13":"shipping-taxable","14":"purchasable","15":"product-type-simple"},"_links":{"self":[{"href":"https:\/\/moirai.si\/de\/wp-json\/wp\/v2\/product\/26399","targetHints":{"allow":["GET"]}}],"collection":[{"href":"https:\/\/moirai.si\/de\/wp-json\/wp\/v2\/product"}],"about":[{"href":"https:\/\/moirai.si\/de\/wp-json\/wp\/v2\/types\/product"}],"wp:featuredmedia":[{"embeddable":true,"href":"https:\/\/moirai.si\/de\/wp-json\/wp\/v2\/media\/26400"}],"wp:attachment":[{"href":"https:\/\/moirai.si\/de\/wp-json\/wp\/v2\/media?parent=26399"}],"wp:term":[{"taxonomy":"product_brand","embeddable":true,"href":"https:\/\/moirai.si\/de\/wp-json\/wp\/v2\/product_brand?post=26399"},{"taxonomy":"product_cat","embeddable":true,"href":"https:\/\/moirai.si\/de\/wp-json\/wp\/v2\/product_cat?post=26399"},{"taxonomy":"product_tag","embeddable":true,"href":"https:\/\/moirai.si\/de\/wp-json\/wp\/v2\/product_tag?post=26399"}],"curies":[{"name":"wp","href":"https:\/\/api.w.org\/{rel}","templated":true}]}}