{"id":26401,"date":"2025-10-23T17:12:40","date_gmt":"2025-10-23T17:12:40","guid":{"rendered":"https:\/\/moirai.si\/?post_type=product&#038;p=26401"},"modified":"2025-11-06T15:46:11","modified_gmt":"2025-11-06T15:46:11","slug":"obesek-obsidijan-srebrni-8","status":"publish","type":"product","link":"https:\/\/moirai.si\/de\/izdelek\/obesek-obsidijan-srebrni-8\/","title":{"rendered":"Obsidian-Anh\u00e4nger Silber"},"content":{"rendered":"<p>\u010cudovit obesek srebrnega Obsidijana in rodiniranega srebra 925. Veri\u017eica ni vklju\u010dena v ceno. <\/p>\n<p>MATERIAL: Srebrni Obsidijan, rodinirano srebro 925<br \/>\nVELIKOST KAMNA: 1,3&#215;1,9 cm<br \/>\nSTEINDICKE: 0,7 cm<br \/>\nDOL\u017dINA OBESKA: 2,7 cm<br \/>\nTE\u017dA: 5,1 g <\/p>","protected":false},"excerpt":{"rendered":"<p>\u010cudovit obesek srebrnega Obsidijana in rodiniranega srebra 925. Veri\u017eica ni vklju\u010dena v ceno. MATERIAL: Srebrni Obsidijan, rodinirano srebro 925 VELIKOST KAMNA: 1,3&#215;1,9 cm DEBELINA KAMNA: 0,7 cm DOL\u017dINA OBESKA: 2,7 cm TE\u017dA: 5,1 g<\/p>","protected":false},"featured_media":26402,"template":"","meta":[],"product_brand":[],"product_cat":[910,63],"product_tag":[637,827],"class_list":{"0":"post-26401","1":"product","2":"type-product","3":"status-publish","4":"has-post-thumbnail","6":"product_cat-obeski-in-srebro","7":"product_cat-obsidijan","8":"product_tag-rodinirano-srebro-925","9":"product_tag-srebrni-obsidijan","11":"first","12":"instock","13":"shipping-taxable","14":"purchasable","15":"product-type-simple"},"_links":{"self":[{"href":"https:\/\/moirai.si\/de\/wp-json\/wp\/v2\/product\/26401","targetHints":{"allow":["GET"]}}],"collection":[{"href":"https:\/\/moirai.si\/de\/wp-json\/wp\/v2\/product"}],"about":[{"href":"https:\/\/moirai.si\/de\/wp-json\/wp\/v2\/types\/product"}],"wp:featuredmedia":[{"embeddable":true,"href":"https:\/\/moirai.si\/de\/wp-json\/wp\/v2\/media\/26402"}],"wp:attachment":[{"href":"https:\/\/moirai.si\/de\/wp-json\/wp\/v2\/media?parent=26401"}],"wp:term":[{"taxonomy":"product_brand","embeddable":true,"href":"https:\/\/moirai.si\/de\/wp-json\/wp\/v2\/product_brand?post=26401"},{"taxonomy":"product_cat","embeddable":true,"href":"https:\/\/moirai.si\/de\/wp-json\/wp\/v2\/product_cat?post=26401"},{"taxonomy":"product_tag","embeddable":true,"href":"https:\/\/moirai.si\/de\/wp-json\/wp\/v2\/product_tag?post=26401"}],"curies":[{"name":"wp","href":"https:\/\/api.w.org\/{rel}","templated":true}]}}