{"id":26407,"date":"2025-10-24T09:56:02","date_gmt":"2025-10-24T09:56:02","guid":{"rendered":"https:\/\/moirai.si\/?post_type=product&#038;p=26407"},"modified":"2025-10-26T10:37:53","modified_gmt":"2025-10-26T10:37:53","slug":"versy-mesecev-kamen-11","status":"publish","type":"product","link":"https:\/\/moirai.si\/de\/izdelek\/versy-mesecev-kamen-11\/","title":{"rendered":"Versy Mondstein"},"content":{"rendered":"<p>Unikaten obesek kolekcije Versy iz Mese\u010devega kamna na \u010drnem usnjenem traku s prilagodljivo dol\u017eino (poteg vozla gor oz. dol). <\/p>\n<p>MATERIAL: Mese\u010dev kamen, \u010drno usnje<br \/>\nL\u00c4NGE: flexibel (38-77 cm)<br \/>\nGr\u00f6\u00dfe des Steins: 1,3\u00d72,5 cm<br \/>\nSTEINST\u00c4RKE: 1,1 cm<br \/>\nGEWICHT: 11 g<\/p>","protected":false},"excerpt":{"rendered":"<p>Unikaten obesek kolekcije Versy iz Mese\u010devega kamna na \u010drnem usnjenem traku s prilagodljivo dol\u017eino (poteg vozla gor oz. dol). MATERIAL: Mese\u010dev kamen, \u010drno usnje DOL\u017dINA: prilagodljiva (38-77 cm) VELIKOST KAMNA: 1,3&#215;2,5 cm DEBELINA KAMNA: 1,1 cm TE\u017dA: 11 g<\/p>","protected":false},"featured_media":26408,"template":"","meta":[],"product_brand":[],"product_cat":[59,92,309],"product_tag":[648,366],"class_list":{"0":"post-26407","1":"product","2":"type-product","3":"status-publish","4":"has-post-thumbnail","6":"product_cat-mesecev-kamen","7":"product_cat-obeski-in-usnje","8":"product_cat-versy","9":"product_tag-crno-usnje","10":"product_tag-mesecev-kamen","12":"first","13":"instock","14":"shipping-taxable","15":"purchasable","16":"product-type-simple"},"_links":{"self":[{"href":"https:\/\/moirai.si\/de\/wp-json\/wp\/v2\/product\/26407","targetHints":{"allow":["GET"]}}],"collection":[{"href":"https:\/\/moirai.si\/de\/wp-json\/wp\/v2\/product"}],"about":[{"href":"https:\/\/moirai.si\/de\/wp-json\/wp\/v2\/types\/product"}],"wp:featuredmedia":[{"embeddable":true,"href":"https:\/\/moirai.si\/de\/wp-json\/wp\/v2\/media\/26408"}],"wp:attachment":[{"href":"https:\/\/moirai.si\/de\/wp-json\/wp\/v2\/media?parent=26407"}],"wp:term":[{"taxonomy":"product_brand","embeddable":true,"href":"https:\/\/moirai.si\/de\/wp-json\/wp\/v2\/product_brand?post=26407"},{"taxonomy":"product_cat","embeddable":true,"href":"https:\/\/moirai.si\/de\/wp-json\/wp\/v2\/product_cat?post=26407"},{"taxonomy":"product_tag","embeddable":true,"href":"https:\/\/moirai.si\/de\/wp-json\/wp\/v2\/product_tag?post=26407"}],"curies":[{"name":"wp","href":"https:\/\/api.w.org\/{rel}","templated":true}]}}