{"id":26481,"date":"2025-10-24T14:02:29","date_gmt":"2025-10-24T14:02:29","guid":{"rendered":"https:\/\/moirai.si\/?post_type=product&#038;p=26481"},"modified":"2025-10-26T10:31:39","modified_gmt":"2025-10-26T10:31:39","slug":"versy-obsidijan-zlati-4","status":"publish","type":"product","link":"https:\/\/moirai.si\/de\/izdelek\/versy-obsidijan-zlati-4\/","title":{"rendered":"Versy Obsidian Golden"},"content":{"rendered":"<p>Unikaten obesek kolekcije Versy iz zlatega Obsidijana na \u010drnem usnjenem traku s prilagodljivo dol\u017eino (poteg vozla gor oz. dol). <\/p>\n<p>MATERIAL: Zlati Obsidijan, \u010drno usnje<br \/>\nL\u00c4NGE: flexibel (38-77 cm)<br \/>\nVELIKOST KAMNA: 1,6&#215;3,1 cm<br \/>\nSTEINDICKE: 0,6 cm<br \/>\nGEWICHT: 9,4 g<\/p>","protected":false},"excerpt":{"rendered":"<p>Unikaten obesek kolekcije Versy iz zlatega Obsidijana na \u010drnem usnjenem traku s prilagodljivo dol\u017eino (poteg vozla gor oz. dol). MATERIAL: Zlati Obsidijan, \u010drno usnje DOL\u017dINA: prilagodljiva (38-77 cm) VELIKOST KAMNA: 1,6&#215;3,1 cm DEBELINA KAMNA: 0,6 cm TE\u017dA: 9,4 g<\/p>","protected":false},"featured_media":26482,"template":"","meta":[],"product_brand":[],"product_cat":[92,63,309],"product_tag":[648,841],"class_list":{"0":"post-26481","1":"product","2":"type-product","3":"status-publish","4":"has-post-thumbnail","6":"product_cat-obeski-in-usnje","7":"product_cat-obsidijan","8":"product_cat-versy","9":"product_tag-crno-usnje","10":"product_tag-zlati-obsidijan","12":"first","13":"instock","14":"shipping-taxable","15":"purchasable","16":"product-type-simple"},"_links":{"self":[{"href":"https:\/\/moirai.si\/de\/wp-json\/wp\/v2\/product\/26481","targetHints":{"allow":["GET"]}}],"collection":[{"href":"https:\/\/moirai.si\/de\/wp-json\/wp\/v2\/product"}],"about":[{"href":"https:\/\/moirai.si\/de\/wp-json\/wp\/v2\/types\/product"}],"wp:featuredmedia":[{"embeddable":true,"href":"https:\/\/moirai.si\/de\/wp-json\/wp\/v2\/media\/26482"}],"wp:attachment":[{"href":"https:\/\/moirai.si\/de\/wp-json\/wp\/v2\/media?parent=26481"}],"wp:term":[{"taxonomy":"product_brand","embeddable":true,"href":"https:\/\/moirai.si\/de\/wp-json\/wp\/v2\/product_brand?post=26481"},{"taxonomy":"product_cat","embeddable":true,"href":"https:\/\/moirai.si\/de\/wp-json\/wp\/v2\/product_cat?post=26481"},{"taxonomy":"product_tag","embeddable":true,"href":"https:\/\/moirai.si\/de\/wp-json\/wp\/v2\/product_tag?post=26481"}],"curies":[{"name":"wp","href":"https:\/\/api.w.org\/{rel}","templated":true}]}}