{"id":26489,"date":"2025-10-24T14:16:14","date_gmt":"2025-10-24T14:16:14","guid":{"rendered":"https:\/\/moirai.si\/?post_type=product&#038;p=26489"},"modified":"2025-10-26T10:31:01","modified_gmt":"2025-10-26T10:31:01","slug":"versy-lapis-lazuli-10","status":"publish","type":"product","link":"https:\/\/moirai.si\/de\/izdelek\/versy-lapis-lazuli-10\/","title":{"rendered":"Versy Lapislazuli"},"content":{"rendered":"<p>Unikaten obesek kolekcije Versy iz Lapis Lazulija na \u010drnem usnjenem traku s prilagodljivo dol\u017eino (poteg vozla gor oz. dol). <\/p>\n<p>MATERIAL: Lapislazuli, schwarzes Leder<br \/>\nL\u00c4NGE: flexibel (38-77 cm)<br \/>\nVELIKOST KAMNA: 1,9&#215;2,7 cm<br \/>\nSTEINDICKE: 0,8 cm<br \/>\nGEWICHT: 13.3 g<\/p>","protected":false},"excerpt":{"rendered":"<p>Unikaten obesek kolekcije Versy iz Lapis Lazulija na \u010drnem usnjenem traku s prilagodljivo dol\u017eino (poteg vozla gor oz. dol). MATERIAL: Lapis Lazuli, \u010drno usnje DOL\u017dINA: prilagodljiva (38-77 cm) VELIKOST KAMNA: 1,9&#215;2,7 cm DEBELINA KAMNA: 0,8 cm TE\u017dA: 13,3 g<\/p>","protected":false},"featured_media":26490,"template":"","meta":[],"product_brand":[],"product_cat":[55,92,309],"product_tag":[648,280],"class_list":{"0":"post-26489","1":"product","2":"type-product","3":"status-publish","4":"has-post-thumbnail","6":"product_cat-lapis-lazuli","7":"product_cat-obeski-in-usnje","8":"product_cat-versy","9":"product_tag-crno-usnje","10":"product_tag-lapis-lazuli","12":"first","13":"instock","14":"shipping-taxable","15":"purchasable","16":"product-type-simple"},"_links":{"self":[{"href":"https:\/\/moirai.si\/de\/wp-json\/wp\/v2\/product\/26489","targetHints":{"allow":["GET"]}}],"collection":[{"href":"https:\/\/moirai.si\/de\/wp-json\/wp\/v2\/product"}],"about":[{"href":"https:\/\/moirai.si\/de\/wp-json\/wp\/v2\/types\/product"}],"wp:featuredmedia":[{"embeddable":true,"href":"https:\/\/moirai.si\/de\/wp-json\/wp\/v2\/media\/26490"}],"wp:attachment":[{"href":"https:\/\/moirai.si\/de\/wp-json\/wp\/v2\/media?parent=26489"}],"wp:term":[{"taxonomy":"product_brand","embeddable":true,"href":"https:\/\/moirai.si\/de\/wp-json\/wp\/v2\/product_brand?post=26489"},{"taxonomy":"product_cat","embeddable":true,"href":"https:\/\/moirai.si\/de\/wp-json\/wp\/v2\/product_cat?post=26489"},{"taxonomy":"product_tag","embeddable":true,"href":"https:\/\/moirai.si\/de\/wp-json\/wp\/v2\/product_tag?post=26489"}],"curies":[{"name":"wp","href":"https:\/\/api.w.org\/{rel}","templated":true}]}}