{"id":26494,"date":"2025-10-24T14:23:08","date_gmt":"2025-10-24T14:23:08","guid":{"rendered":"https:\/\/moirai.si\/?post_type=product&#038;p=26494"},"modified":"2025-10-26T10:30:36","modified_gmt":"2025-10-26T10:30:36","slug":"versy-hematit-2","status":"publish","type":"product","link":"https:\/\/moirai.si\/de\/izdelek\/versy-hematit-2\/","title":{"rendered":"Versy H\u00e4matit"},"content":{"rendered":"<p>Unikaten obesek kolekcije Versy iz Hematita na \u010drnem usnjenem traku s prilagodljivo dol\u017eino (poteg vozla gor oz. dol). <\/p>\n<p>MATERIAL: H\u00e4matit, schwarzes Leder<br \/>\nL\u00c4NGE: flexibel (38-77 cm)<br \/>\nVELIKOST KAMNA: 2,1&#215;3,3 cm<br \/>\nSTEINST\u00c4RKE: 1,1 cm<br \/>\nTE\u017dA: 31,1 g<\/p>","protected":false},"excerpt":{"rendered":"<p>Unikaten obesek kolekcije Versy iz Hematita na \u010drnem usnjenem traku s prilagodljivo dol\u017eino (poteg vozla gor oz. dol). MATERIAL: Hematit, \u010drno usnje DOL\u017dINA: prilagodljiva (38-77 cm) VELIKOST KAMNA: 2,1&#215;3,3 cm DEBELINA KAMNA: 1,1 cm TE\u017dA: 31,1 g<\/p>","protected":false},"featured_media":26495,"template":"","meta":[],"product_brand":[],"product_cat":[42,92,309],"product_tag":[648,202],"class_list":{"0":"post-26494","1":"product","2":"type-product","3":"status-publish","4":"has-post-thumbnail","6":"product_cat-hematit","7":"product_cat-obeski-in-usnje","8":"product_cat-versy","9":"product_tag-crno-usnje","10":"product_tag-hematit","12":"first","13":"instock","14":"shipping-taxable","15":"purchasable","16":"product-type-simple"},"_links":{"self":[{"href":"https:\/\/moirai.si\/de\/wp-json\/wp\/v2\/product\/26494","targetHints":{"allow":["GET"]}}],"collection":[{"href":"https:\/\/moirai.si\/de\/wp-json\/wp\/v2\/product"}],"about":[{"href":"https:\/\/moirai.si\/de\/wp-json\/wp\/v2\/types\/product"}],"wp:featuredmedia":[{"embeddable":true,"href":"https:\/\/moirai.si\/de\/wp-json\/wp\/v2\/media\/26495"}],"wp:attachment":[{"href":"https:\/\/moirai.si\/de\/wp-json\/wp\/v2\/media?parent=26494"}],"wp:term":[{"taxonomy":"product_brand","embeddable":true,"href":"https:\/\/moirai.si\/de\/wp-json\/wp\/v2\/product_brand?post=26494"},{"taxonomy":"product_cat","embeddable":true,"href":"https:\/\/moirai.si\/de\/wp-json\/wp\/v2\/product_cat?post=26494"},{"taxonomy":"product_tag","embeddable":true,"href":"https:\/\/moirai.si\/de\/wp-json\/wp\/v2\/product_tag?post=26494"}],"curies":[{"name":"wp","href":"https:\/\/api.w.org\/{rel}","templated":true}]}}