{"id":26507,"date":"2025-10-27T09:21:46","date_gmt":"2025-10-27T09:21:46","guid":{"rendered":"https:\/\/moirai.si\/?post_type=product&#038;p=26507"},"modified":"2025-10-27T09:21:47","modified_gmt":"2025-10-27T09:21:47","slug":"versy-hrizopras-2","status":"publish","type":"product","link":"https:\/\/moirai.si\/de\/izdelek\/versy-hrizopras-2\/","title":{"rendered":"Versy Chrysopras"},"content":{"rendered":"<p>Unikaten obesek kolekcije Versy iz Hrizoprasa na \u010drnem usnjenem traku s prilagodljivo dol\u017eino (poteg vozla gor oz. dol). <\/p>\n<p>MATERIAL: Hrizopras (Kosovo),  \u010drno usnje<br \/>\nL\u00c4NGE: flexibel (38-77 cm)<br \/>\nVELIKOST KAMNA: 2&#215;3,8 cm<br \/>\nSTEINDICKE: 0,8 cm<br \/>\nGEWICHT: 12,4 g<\/p>","protected":false},"excerpt":{"rendered":"<p>Unikaten obesek kolekcije Versy iz Hrizoprasa na \u010drnem usnjenem traku s prilagodljivo dol\u017eino (poteg vozla gor oz. dol). MATERIAL: Hrizopras (Kosovo), \u010drno usnje DOL\u017dINA: prilagodljiva (38-77 cm) VELIKOST KAMNA: 2&#215;3,8 cm DEBELINA KAMNA: 0,8 cm TE\u017dA: 12,4 g<\/p>","protected":false},"featured_media":26508,"template":"","meta":[],"product_brand":[],"product_cat":[43,92,309],"product_tag":[648,1148],"class_list":{"0":"post-26507","1":"product","2":"type-product","3":"status-publish","4":"has-post-thumbnail","6":"product_cat-hrizopras","7":"product_cat-obeski-in-usnje","8":"product_cat-versy","9":"product_tag-crno-usnje","10":"product_tag-hrizopras-kosovo","12":"first","13":"instock","14":"shipping-taxable","15":"purchasable","16":"product-type-simple"},"_links":{"self":[{"href":"https:\/\/moirai.si\/de\/wp-json\/wp\/v2\/product\/26507","targetHints":{"allow":["GET"]}}],"collection":[{"href":"https:\/\/moirai.si\/de\/wp-json\/wp\/v2\/product"}],"about":[{"href":"https:\/\/moirai.si\/de\/wp-json\/wp\/v2\/types\/product"}],"wp:featuredmedia":[{"embeddable":true,"href":"https:\/\/moirai.si\/de\/wp-json\/wp\/v2\/media\/26508"}],"wp:attachment":[{"href":"https:\/\/moirai.si\/de\/wp-json\/wp\/v2\/media?parent=26507"}],"wp:term":[{"taxonomy":"product_brand","embeddable":true,"href":"https:\/\/moirai.si\/de\/wp-json\/wp\/v2\/product_brand?post=26507"},{"taxonomy":"product_cat","embeddable":true,"href":"https:\/\/moirai.si\/de\/wp-json\/wp\/v2\/product_cat?post=26507"},{"taxonomy":"product_tag","embeddable":true,"href":"https:\/\/moirai.si\/de\/wp-json\/wp\/v2\/product_tag?post=26507"}],"curies":[{"name":"wp","href":"https:\/\/api.w.org\/{rel}","templated":true}]}}