{"id":26511,"date":"2025-10-27T09:39:46","date_gmt":"2025-10-27T09:39:46","guid":{"rendered":"https:\/\/moirai.si\/?post_type=product&#038;p=26511"},"modified":"2025-10-27T09:39:46","modified_gmt":"2025-10-27T09:39:46","slug":"versy-hrizopras-5","status":"publish","type":"product","link":"https:\/\/moirai.si\/de\/izdelek\/versy-hrizopras-5\/","title":{"rendered":"Versy Chrysopras"},"content":{"rendered":"<p>Unikaten obesek kolekcije Versy iz Hrizoprasa na \u010drnem usnjenem traku s prilagodljivo dol\u017eino (poteg vozla gor oz. dol). <\/p>\n<p>MATERIAL: Hrizopras (Kosovo),  \u010drno usnje<br \/>\nL\u00c4NGE: flexibel (38-77 cm)<br \/>\nGr\u00f6\u00dfe des Steins: 1,8\u00d72,5 cm<br \/>\nSTEINDICKE: 0,7 cm<br \/>\nGEWICHT: 9,3 g<\/p>","protected":false},"excerpt":{"rendered":"<p>Unikaten obesek kolekcije Versy iz Hrizoprasa na \u010drnem usnjenem traku s prilagodljivo dol\u017eino (poteg vozla gor oz. dol). MATERIAL: Hrizopras (Kosovo), \u010drno usnje DOL\u017dINA: prilagodljiva (38-77 cm) VELIKOST KAMNA: 1,8&#215;2,5 cm DEBELINA KAMNA: 0,7 cm TE\u017dA: 9,3 g<\/p>","protected":false},"featured_media":26512,"template":"","meta":[],"product_brand":[],"product_cat":[43,92,309],"product_tag":[648,1148],"class_list":{"0":"post-26511","1":"product","2":"type-product","3":"status-publish","4":"has-post-thumbnail","6":"product_cat-hrizopras","7":"product_cat-obeski-in-usnje","8":"product_cat-versy","9":"product_tag-crno-usnje","10":"product_tag-hrizopras-kosovo","12":"first","13":"instock","14":"shipping-taxable","15":"purchasable","16":"product-type-simple"},"_links":{"self":[{"href":"https:\/\/moirai.si\/de\/wp-json\/wp\/v2\/product\/26511","targetHints":{"allow":["GET"]}}],"collection":[{"href":"https:\/\/moirai.si\/de\/wp-json\/wp\/v2\/product"}],"about":[{"href":"https:\/\/moirai.si\/de\/wp-json\/wp\/v2\/types\/product"}],"wp:featuredmedia":[{"embeddable":true,"href":"https:\/\/moirai.si\/de\/wp-json\/wp\/v2\/media\/26512"}],"wp:attachment":[{"href":"https:\/\/moirai.si\/de\/wp-json\/wp\/v2\/media?parent=26511"}],"wp:term":[{"taxonomy":"product_brand","embeddable":true,"href":"https:\/\/moirai.si\/de\/wp-json\/wp\/v2\/product_brand?post=26511"},{"taxonomy":"product_cat","embeddable":true,"href":"https:\/\/moirai.si\/de\/wp-json\/wp\/v2\/product_cat?post=26511"},{"taxonomy":"product_tag","embeddable":true,"href":"https:\/\/moirai.si\/de\/wp-json\/wp\/v2\/product_tag?post=26511"}],"curies":[{"name":"wp","href":"https:\/\/api.w.org\/{rel}","templated":true}]}}