{"id":26561,"date":"2025-10-27T14:33:49","date_gmt":"2025-10-27T14:33:49","guid":{"rendered":"https:\/\/moirai.si\/?post_type=product&#038;p=26561"},"modified":"2025-10-27T14:33:49","modified_gmt":"2025-10-27T14:33:49","slug":"versy-turmalin-braun-5","status":"publish","type":"product","link":"https:\/\/moirai.si\/de\/izdelek\/versy-turmalin-crni-5\/","title":{"rendered":"Versy Turmalin Schwarz"},"content":{"rendered":"<p>Unikaten obesek kolekcije Versy iz \u010drnega Turmalina na \u010drnem usnjenem traku s prilagodljivo dol\u017eino (poteg vozla gor oz. dol). <\/p>\n<p>MATERIAL: \u010drni Turmalin, \u010drno usnje<br \/>\nL\u00c4NGE: flexibel (38-77 cm)<br \/>\nVELIKOST KAMNA: 2,5&#215;2,6 cm<br \/>\nSTEINST\u00c4RKE: 1,4 cm<br \/>\nTE\u017dA: 23,3 g<\/p>","protected":false},"excerpt":{"rendered":"<p>Unikaten obesek kolekcije Versy iz \u010drnega Turmalina na \u010drnem usnjenem traku s prilagodljivo dol\u017eino (poteg vozla gor oz. dol). MATERIAL: \u010drni Turmalin, \u010drno usnje DOL\u017dINA: prilagodljiva (38-77 cm) VELIKOST KAMNA: 2,5&#215;2,6 cm DEBELINA KAMNA: 1,4 cm TE\u017dA: 23,3 g<\/p>","protected":false},"featured_media":26562,"template":"","meta":[],"product_brand":[],"product_cat":[92,85,309],"product_tag":[766,648],"class_list":{"0":"post-26561","1":"product","2":"type-product","3":"status-publish","4":"has-post-thumbnail","6":"product_cat-obeski-in-usnje","7":"product_cat-turmalin","8":"product_cat-versy","9":"product_tag-crni-turmalin","10":"product_tag-crno-usnje","12":"first","13":"instock","14":"shipping-taxable","15":"purchasable","16":"product-type-simple"},"_links":{"self":[{"href":"https:\/\/moirai.si\/de\/wp-json\/wp\/v2\/product\/26561","targetHints":{"allow":["GET"]}}],"collection":[{"href":"https:\/\/moirai.si\/de\/wp-json\/wp\/v2\/product"}],"about":[{"href":"https:\/\/moirai.si\/de\/wp-json\/wp\/v2\/types\/product"}],"wp:featuredmedia":[{"embeddable":true,"href":"https:\/\/moirai.si\/de\/wp-json\/wp\/v2\/media\/26562"}],"wp:attachment":[{"href":"https:\/\/moirai.si\/de\/wp-json\/wp\/v2\/media?parent=26561"}],"wp:term":[{"taxonomy":"product_brand","embeddable":true,"href":"https:\/\/moirai.si\/de\/wp-json\/wp\/v2\/product_brand?post=26561"},{"taxonomy":"product_cat","embeddable":true,"href":"https:\/\/moirai.si\/de\/wp-json\/wp\/v2\/product_cat?post=26561"},{"taxonomy":"product_tag","embeddable":true,"href":"https:\/\/moirai.si\/de\/wp-json\/wp\/v2\/product_tag?post=26561"}],"curies":[{"name":"wp","href":"https:\/\/api.w.org\/{rel}","templated":true}]}}