{"id":26590,"date":"2025-11-06T13:36:38","date_gmt":"2025-11-06T13:36:38","guid":{"rendered":"https:\/\/moirai.si\/?post_type=product&#038;p=26590"},"modified":"2025-11-06T13:36:39","modified_gmt":"2025-11-06T13:36:39","slug":"argo-malahit","status":"publish","type":"product","link":"https:\/\/moirai.si\/de\/izdelek\/argo-malahit\/","title":{"rendered":"Argo Malahit"},"content":{"rendered":"<p>Elegantna zapestnica kolekcije Argo, ki je narejena iz Malahita ter rodiniranega srebra 925. Zapestnica je nizana na mehko, vendar mo\u010dno jekleno \u017eico. Slika je simboli\u010dna. Mo\u017ena so manj\u0161a odstopanja v barvi in te\u017ei.<\/p>\n<p>MATERIAL: Malachit, rhodiniertes 925er Silber<br \/>\nL\u00c4NGE: einstellbar 16,5-19 cm<br \/>\nGEWICHT: 8,5 g<br \/>\nVELIKOST KAMNOV: 2-5 mm<br \/>\nSchlie\u00dfe: 9 mm<\/p>","protected":false},"excerpt":{"rendered":"<p>Elegantna zapestnica kolekcije Argo, ki je narejena iz Malahita ter rodiniranega srebra 925. Zapestnica je nizana na mehko, vendar mo\u010dno jekleno \u017eico. Slika je simboli\u010dna. Mo\u017ena so manj\u0161a odstopanja v barvi in te\u017ei. MATERIAL: Malahit, rodinirano Srebro 925 DOL\u017dINA: prilagodljiva 16,5-19 cm TE\u017dA: 8.5 g VELIKOST KAMNOV: 2-5 mm ZAPONKA: 9 mm<\/p>","protected":false},"featured_media":26591,"template":"","meta":[],"product_brand":[],"product_cat":[191,820,60,821,822,1137],"product_tag":[399,637],"class_list":{"0":"post-26590","1":"product","2":"type-product","3":"status-publish","4":"has-post-thumbnail","6":"product_cat-argo","7":"product_cat-do-18cm","8":"product_cat-malahit","9":"product_cat-od-18-do-19cm","10":"product_cat-od-19-do-20cm","11":"product_cat-ogled-vseh-zapestnice-2","12":"product_tag-malahit","13":"product_tag-rodinirano-srebro-925","15":"first","16":"instock","17":"shipping-taxable","18":"purchasable","19":"product-type-simple"},"_links":{"self":[{"href":"https:\/\/moirai.si\/de\/wp-json\/wp\/v2\/product\/26590","targetHints":{"allow":["GET"]}}],"collection":[{"href":"https:\/\/moirai.si\/de\/wp-json\/wp\/v2\/product"}],"about":[{"href":"https:\/\/moirai.si\/de\/wp-json\/wp\/v2\/types\/product"}],"wp:featuredmedia":[{"embeddable":true,"href":"https:\/\/moirai.si\/de\/wp-json\/wp\/v2\/media\/26591"}],"wp:attachment":[{"href":"https:\/\/moirai.si\/de\/wp-json\/wp\/v2\/media?parent=26590"}],"wp:term":[{"taxonomy":"product_brand","embeddable":true,"href":"https:\/\/moirai.si\/de\/wp-json\/wp\/v2\/product_brand?post=26590"},{"taxonomy":"product_cat","embeddable":true,"href":"https:\/\/moirai.si\/de\/wp-json\/wp\/v2\/product_cat?post=26590"},{"taxonomy":"product_tag","embeddable":true,"href":"https:\/\/moirai.si\/de\/wp-json\/wp\/v2\/product_tag?post=26590"}],"curies":[{"name":"wp","href":"https:\/\/api.w.org\/{rel}","templated":true}]}}