{"id":26592,"date":"2025-11-06T13:40:43","date_gmt":"2025-11-06T13:40:43","guid":{"rendered":"https:\/\/moirai.si\/?post_type=product&#038;p=26592"},"modified":"2026-01-12T10:40:16","modified_gmt":"2026-01-12T10:40:16","slug":"argo-ahat-mahovni","status":"publish","type":"product","link":"https:\/\/moirai.si\/de\/izdelek\/argo-ahat-mahovni\/","title":{"rendered":"Argo Ahat Mahovni"},"content":{"rendered":"<p>Elegantna zapestnica kolekcije Argo, ki je narejena iz Mahovnega Ahata ter rodiniranega srebra 925. Zapestnica je nizana na mehko, vendar mo\u010dno jekleno \u017eico. Slika je simboli\u010dna. Mo\u017ena so manj\u0161a odstopanja v barvi in te\u017ei.<\/p>\n<p>MATERIAL: Moosachat, rhodiniertes 925er Silber<br \/>\nDOL\u017dINA: prilagodljiva 16,5-20 cm<br \/>\nGEWICHT: 12,7 g<br \/>\nSteingr\u00f6\u00dfe: 6-8 mm<br \/>\nSchlie\u00dfe: 9 mm<\/p>","protected":false},"excerpt":{"rendered":"<p>Elegantna zapestnica kolekcije Argo, ki je narejena iz Mahovnega Ahata ter rodiniranega srebra 925. Zapestnica je nizana na mehko, vendar mo\u010dno jekleno \u017eico. Slika je simboli\u010dna. Mo\u017ena so manj\u0161a odstopanja v barvi in te\u017ei. MATERIAL: Mahovni Ahat, rodinirano Srebro 925 DOL\u017dINA: prilagodljiva 16,5-20 cm TE\u017dA: 12.7 g VELIKOST KAMNOV: 6-8 mm ZAPONKA: 9 mm<\/p>","protected":false},"featured_media":26593,"template":"","meta":[],"product_brand":[],"product_cat":[30,191,820,821,822,823,1137],"product_tag":[775,637],"class_list":{"0":"post-26592","1":"product","2":"type-product","3":"status-publish","4":"has-post-thumbnail","6":"product_cat-ahat","7":"product_cat-argo","8":"product_cat-do-18cm","9":"product_cat-od-18-do-19cm","10":"product_cat-od-19-do-20cm","11":"product_cat-od-20cm","12":"product_cat-ogled-vseh-zapestnice-2","13":"product_tag-mahovni-ahat","14":"product_tag-rodinirano-srebro-925","16":"first","17":"instock","18":"shipping-taxable","19":"purchasable","20":"product-type-simple"},"_links":{"self":[{"href":"https:\/\/moirai.si\/de\/wp-json\/wp\/v2\/product\/26592","targetHints":{"allow":["GET"]}}],"collection":[{"href":"https:\/\/moirai.si\/de\/wp-json\/wp\/v2\/product"}],"about":[{"href":"https:\/\/moirai.si\/de\/wp-json\/wp\/v2\/types\/product"}],"wp:featuredmedia":[{"embeddable":true,"href":"https:\/\/moirai.si\/de\/wp-json\/wp\/v2\/media\/26593"}],"wp:attachment":[{"href":"https:\/\/moirai.si\/de\/wp-json\/wp\/v2\/media?parent=26592"}],"wp:term":[{"taxonomy":"product_brand","embeddable":true,"href":"https:\/\/moirai.si\/de\/wp-json\/wp\/v2\/product_brand?post=26592"},{"taxonomy":"product_cat","embeddable":true,"href":"https:\/\/moirai.si\/de\/wp-json\/wp\/v2\/product_cat?post=26592"},{"taxonomy":"product_tag","embeddable":true,"href":"https:\/\/moirai.si\/de\/wp-json\/wp\/v2\/product_tag?post=26592"}],"curies":[{"name":"wp","href":"https:\/\/api.w.org\/{rel}","templated":true}]}}