{"id":26634,"date":"2025-11-26T12:45:07","date_gmt":"2025-11-26T12:45:07","guid":{"rendered":"https:\/\/moirai.si\/?post_type=product&#038;p=26634"},"modified":"2025-11-26T12:45:07","modified_gmt":"2025-11-26T12:45:07","slug":"obesek-turmalin-crni-6","status":"publish","type":"product","link":"https:\/\/moirai.si\/de\/izdelek\/obesek-turmalin-crni-6\/","title":{"rendered":"Anh\u00e4nger Turmalin Schwarz"},"content":{"rendered":"<p>\u010cudovit obesek \u010drnega Turmalina in rodiniranega srebra 925. Veri\u017eica ni vklju\u010dena v ceno. <\/p>\n<p>MATERIAL: \u010drni Turmalin, rodinirano srebro 925<br \/>\nVELIKOST KAMNA: 1,5&#215;2,3 cm<br \/>\nSTEINDICKE: 1 cm<br \/>\nL\u00c4NGE DES BILDES: 3,2 cm<br \/>\nTE\u017dA: 9,7g <\/p>","protected":false},"excerpt":{"rendered":"<p>\u010cudovit obesek \u010drnega Turmalina in rodiniranega srebra 925. Veri\u017eica ni vklju\u010dena v ceno. MATERIAL: \u010drni Turmalin, rodinirano srebro 925 VELIKOST KAMNA: 1,5&#215;2,3 cm DEBELINA KAMNA: 1 cm DOL\u017dINA OBESKA: 3,2 cm TE\u017dA: 9,7g<\/p>","protected":false},"featured_media":26635,"template":"","meta":[],"product_brand":[],"product_cat":[910,85],"product_tag":[766,637],"class_list":{"0":"post-26634","1":"product","2":"type-product","3":"status-publish","4":"has-post-thumbnail","6":"product_cat-obeski-in-srebro","7":"product_cat-turmalin","8":"product_tag-crni-turmalin","9":"product_tag-rodinirano-srebro-925","11":"first","12":"instock","13":"shipping-taxable","14":"purchasable","15":"product-type-simple"},"_links":{"self":[{"href":"https:\/\/moirai.si\/de\/wp-json\/wp\/v2\/product\/26634","targetHints":{"allow":["GET"]}}],"collection":[{"href":"https:\/\/moirai.si\/de\/wp-json\/wp\/v2\/product"}],"about":[{"href":"https:\/\/moirai.si\/de\/wp-json\/wp\/v2\/types\/product"}],"wp:featuredmedia":[{"embeddable":true,"href":"https:\/\/moirai.si\/de\/wp-json\/wp\/v2\/media\/26635"}],"wp:attachment":[{"href":"https:\/\/moirai.si\/de\/wp-json\/wp\/v2\/media?parent=26634"}],"wp:term":[{"taxonomy":"product_brand","embeddable":true,"href":"https:\/\/moirai.si\/de\/wp-json\/wp\/v2\/product_brand?post=26634"},{"taxonomy":"product_cat","embeddable":true,"href":"https:\/\/moirai.si\/de\/wp-json\/wp\/v2\/product_cat?post=26634"},{"taxonomy":"product_tag","embeddable":true,"href":"https:\/\/moirai.si\/de\/wp-json\/wp\/v2\/product_tag?post=26634"}],"curies":[{"name":"wp","href":"https:\/\/api.w.org\/{rel}","templated":true}]}}