{"id":26650,"date":"2025-11-26T13:28:27","date_gmt":"2025-11-26T13:28:27","guid":{"rendered":"https:\/\/moirai.si\/?post_type=product&#038;p=26650"},"modified":"2025-11-26T13:28:27","modified_gmt":"2025-11-26T13:28:27","slug":"obesek-turkiz-3","status":"publish","type":"product","link":"https:\/\/moirai.si\/de\/izdelek\/obesek-turkiz-3\/","title":{"rendered":"T\u00fcrkis-Anh\u00e4nger"},"content":{"rendered":"<p>\u010cudovit obesek perzijskega Turkiza in srebra 925. Veri\u017eica ni vklju\u010dena v ceno. <\/p>\n<p>MATERIAL: Turkiz (Iran), srebro 925<br \/>\nGr\u00f6\u00dfe des Steins: 1,2\u00d72,4 cm<br \/>\nSTEINST\u00c4RKE: 0,3 cm<br \/>\nL\u00c4NGE DES BILDES: 3,3 cm<br \/>\nGEWICHT: 2,8g <\/p>","protected":false},"excerpt":{"rendered":"<p>\u010cudovit obesek perzijskega Turkiza in srebra 925. Veri\u017eica ni vklju\u010dena v ceno. MATERIAL: Turkiz (Iran), srebro 925 VELIKOST KAMNA: 1,2&#215;2,4 cm DEBELINA KAMNA: 0,3 cm DOL\u017dINA OBESKA: 3,3 cm TE\u017dA: 2,8g<\/p>","protected":false},"featured_media":26651,"template":"","meta":[],"product_brand":[],"product_cat":[910,82],"product_tag":[371,1150],"class_list":{"0":"post-26650","1":"product","2":"type-product","3":"status-publish","4":"has-post-thumbnail","6":"product_cat-obeski-in-srebro","7":"product_cat-turkiz","8":"product_tag-srebro-925","9":"product_tag-turkiz-iran","11":"first","12":"instock","13":"shipping-taxable","14":"purchasable","15":"product-type-simple"},"_links":{"self":[{"href":"https:\/\/moirai.si\/de\/wp-json\/wp\/v2\/product\/26650","targetHints":{"allow":["GET"]}}],"collection":[{"href":"https:\/\/moirai.si\/de\/wp-json\/wp\/v2\/product"}],"about":[{"href":"https:\/\/moirai.si\/de\/wp-json\/wp\/v2\/types\/product"}],"wp:featuredmedia":[{"embeddable":true,"href":"https:\/\/moirai.si\/de\/wp-json\/wp\/v2\/media\/26651"}],"wp:attachment":[{"href":"https:\/\/moirai.si\/de\/wp-json\/wp\/v2\/media?parent=26650"}],"wp:term":[{"taxonomy":"product_brand","embeddable":true,"href":"https:\/\/moirai.si\/de\/wp-json\/wp\/v2\/product_brand?post=26650"},{"taxonomy":"product_cat","embeddable":true,"href":"https:\/\/moirai.si\/de\/wp-json\/wp\/v2\/product_cat?post=26650"},{"taxonomy":"product_tag","embeddable":true,"href":"https:\/\/moirai.si\/de\/wp-json\/wp\/v2\/product_tag?post=26650"}],"curies":[{"name":"wp","href":"https:\/\/api.w.org\/{rel}","templated":true}]}}