{"id":26654,"date":"2025-11-26T13:36:47","date_gmt":"2025-11-26T13:36:47","guid":{"rendered":"https:\/\/moirai.si\/?post_type=product&#038;p=26654"},"modified":"2025-11-26T13:36:47","modified_gmt":"2025-11-26T13:36:47","slug":"smaragd-anhanger","status":"publish","type":"product","link":"https:\/\/moirai.si\/de\/izdelek\/obesek-smaragd\/","title":{"rendered":"Smaragd-Anh\u00e4nger"},"content":{"rendered":"<p>Sch\u00f6ner Anh\u00e4nger aus Smaragd und 925er Sterlingsilber, Kette nicht inbegriffen. <\/p>\n<p>MATERIAL: Smaragd, srebro 925<br \/>\nVELIKOST KAMNA: 2&#215;3,3 cm<br \/>\nSTEINSTICKE: 0,9 cm<br \/>\nL\u00c4NGE DES BILDES: 4,1 cm<br \/>\nTE\u017dA: 9,6g <\/p>","protected":false},"excerpt":{"rendered":"<p>\u010cudovit obesek Smaragda in srebra 925. Veri\u017eica ni vklju\u010dena v ceno. MATERIAL: Smaragd, srebro 925 VELIKOST KAMNA: 2&#215;3,3 cm DEBELINA KAMNA: 0,9 cm DOL\u017dINA OBESKA: 4,1 cm TE\u017dA: 9,6g<\/p>","protected":false},"featured_media":26655,"template":"","meta":[],"product_brand":[],"product_cat":[910,78],"product_tag":[232,371],"class_list":{"0":"post-26654","1":"product","2":"type-product","3":"status-publish","4":"has-post-thumbnail","6":"product_cat-obeski-in-srebro","7":"product_cat-smaragd","8":"product_tag-smaragd","9":"product_tag-srebro-925","11":"first","12":"instock","13":"shipping-taxable","14":"purchasable","15":"product-type-simple"},"_links":{"self":[{"href":"https:\/\/moirai.si\/de\/wp-json\/wp\/v2\/product\/26654","targetHints":{"allow":["GET"]}}],"collection":[{"href":"https:\/\/moirai.si\/de\/wp-json\/wp\/v2\/product"}],"about":[{"href":"https:\/\/moirai.si\/de\/wp-json\/wp\/v2\/types\/product"}],"wp:featuredmedia":[{"embeddable":true,"href":"https:\/\/moirai.si\/de\/wp-json\/wp\/v2\/media\/26655"}],"wp:attachment":[{"href":"https:\/\/moirai.si\/de\/wp-json\/wp\/v2\/media?parent=26654"}],"wp:term":[{"taxonomy":"product_brand","embeddable":true,"href":"https:\/\/moirai.si\/de\/wp-json\/wp\/v2\/product_brand?post=26654"},{"taxonomy":"product_cat","embeddable":true,"href":"https:\/\/moirai.si\/de\/wp-json\/wp\/v2\/product_cat?post=26654"},{"taxonomy":"product_tag","embeddable":true,"href":"https:\/\/moirai.si\/de\/wp-json\/wp\/v2\/product_tag?post=26654"}],"curies":[{"name":"wp","href":"https:\/\/api.w.org\/{rel}","templated":true}]}}