{"id":26659,"date":"2025-11-26T14:37:08","date_gmt":"2025-11-26T14:37:08","guid":{"rendered":"https:\/\/moirai.si\/?post_type=product&#038;p=26659"},"modified":"2025-11-26T14:37:09","modified_gmt":"2025-11-26T14:37:09","slug":"obesek-rodonit","status":"publish","type":"product","link":"https:\/\/moirai.si\/de\/izdelek\/obesek-rodonit\/","title":{"rendered":"Rhodonit-Anh\u00e4nger"},"content":{"rendered":"<p>\u010cudovit obesek Rodonita in rodiniranega srebra 925. Veri\u017eica ni vklju\u010dena v ceno. <\/p>\n<p>MATERIAL: Rodonit, rodinirano srebro 925<br \/>\nSTEINGR\u00d6SSE: 2,2\u00d72,7 cm<br \/>\nSTEINDICKE: 0,8 cm<br \/>\nL\u00c4NGE DES ANH\u00c4NGERS: 2,2 cm<br \/>\nGEWICHT: 4,2g <\/p>","protected":false},"excerpt":{"rendered":"<p>\u010cudovit obesek Rodonita in rodiniranega srebra 925. Veri\u017eica ni vklju\u010dena v ceno. MATERIAL: Rodonit, rodinirano srebro 925 VELIKOST KAMNA: 1,1&#215;1,3 cm DEBELINA KAMNA: 0,8 cm DOL\u017dINA OBESKA: 2,2 cm TE\u017dA: 4,2g<\/p>","protected":false},"featured_media":26660,"template":"","meta":[],"product_brand":[],"product_cat":[910,70],"product_tag":[637,204],"class_list":{"0":"post-26659","1":"product","2":"type-product","3":"status-publish","4":"has-post-thumbnail","6":"product_cat-obeski-in-srebro","7":"product_cat-rodonit","8":"product_tag-rodinirano-srebro-925","9":"product_tag-rodonit","11":"first","12":"instock","13":"shipping-taxable","14":"purchasable","15":"product-type-simple"},"_links":{"self":[{"href":"https:\/\/moirai.si\/de\/wp-json\/wp\/v2\/product\/26659","targetHints":{"allow":["GET"]}}],"collection":[{"href":"https:\/\/moirai.si\/de\/wp-json\/wp\/v2\/product"}],"about":[{"href":"https:\/\/moirai.si\/de\/wp-json\/wp\/v2\/types\/product"}],"wp:featuredmedia":[{"embeddable":true,"href":"https:\/\/moirai.si\/de\/wp-json\/wp\/v2\/media\/26660"}],"wp:attachment":[{"href":"https:\/\/moirai.si\/de\/wp-json\/wp\/v2\/media?parent=26659"}],"wp:term":[{"taxonomy":"product_brand","embeddable":true,"href":"https:\/\/moirai.si\/de\/wp-json\/wp\/v2\/product_brand?post=26659"},{"taxonomy":"product_cat","embeddable":true,"href":"https:\/\/moirai.si\/de\/wp-json\/wp\/v2\/product_cat?post=26659"},{"taxonomy":"product_tag","embeddable":true,"href":"https:\/\/moirai.si\/de\/wp-json\/wp\/v2\/product_tag?post=26659"}],"curies":[{"name":"wp","href":"https:\/\/api.w.org\/{rel}","templated":true}]}}