{"id":26665,"date":"2025-11-26T14:49:05","date_gmt":"2025-11-26T14:49:05","guid":{"rendered":"https:\/\/moirai.si\/?post_type=product&#038;p=26665"},"modified":"2025-11-26T14:49:05","modified_gmt":"2025-11-26T14:49:05","slug":"obesek-obsidijan-crni-4","status":"publish","type":"product","link":"https:\/\/moirai.si\/de\/izdelek\/obesek-obsidijan-crni-4\/","title":{"rendered":"Obesek Obsidijan \u010crni"},"content":{"rendered":"<p>\u010cudovit obesek \u010drnega Obsidijana in rodiniranega srebra 925. Veri\u017eica ni vklju\u010dena v ceno. <\/p>\n<p>MATERIAL: \u010drni Obisidijan, rodinirano srebro 925<br \/>\nVELIKOST KAMNA: 1,3&#215;1,7 cm<br \/>\nSTEINDICKE: 0,6 cm<br \/>\nL\u00c4NGE DES ANH\u00c4NGERS: 3 cm<br \/>\nTE\u017dA: 3,6g <\/p>","protected":false},"excerpt":{"rendered":"<p>\u010cudovit obesek \u010drnega Obsidijana in rodiniranega srebra 925. Veri\u017eica ni vklju\u010dena v ceno. MATERIAL: \u010drni Obisidijan, rodinirano srebro 925 VELIKOST KAMNA: 1,3&#215;1,7 cm DEBELINA KAMNA: 0,6 cm DOL\u017dINA OBESKA: 3 cm TE\u017dA: 3,6g<\/p>","protected":false},"featured_media":26666,"template":"","meta":[],"product_brand":[],"product_cat":[910,63],"product_tag":[1152,637],"class_list":{"0":"post-26665","1":"product","2":"type-product","3":"status-publish","4":"has-post-thumbnail","6":"product_cat-obeski-in-srebro","7":"product_cat-obsidijan","8":"product_tag-crni-obisidijan","9":"product_tag-rodinirano-srebro-925","11":"first","12":"instock","13":"shipping-taxable","14":"purchasable","15":"product-type-simple"},"_links":{"self":[{"href":"https:\/\/moirai.si\/de\/wp-json\/wp\/v2\/product\/26665","targetHints":{"allow":["GET"]}}],"collection":[{"href":"https:\/\/moirai.si\/de\/wp-json\/wp\/v2\/product"}],"about":[{"href":"https:\/\/moirai.si\/de\/wp-json\/wp\/v2\/types\/product"}],"wp:featuredmedia":[{"embeddable":true,"href":"https:\/\/moirai.si\/de\/wp-json\/wp\/v2\/media\/26666"}],"wp:attachment":[{"href":"https:\/\/moirai.si\/de\/wp-json\/wp\/v2\/media?parent=26665"}],"wp:term":[{"taxonomy":"product_brand","embeddable":true,"href":"https:\/\/moirai.si\/de\/wp-json\/wp\/v2\/product_brand?post=26665"},{"taxonomy":"product_cat","embeddable":true,"href":"https:\/\/moirai.si\/de\/wp-json\/wp\/v2\/product_cat?post=26665"},{"taxonomy":"product_tag","embeddable":true,"href":"https:\/\/moirai.si\/de\/wp-json\/wp\/v2\/product_tag?post=26665"}],"curies":[{"name":"wp","href":"https:\/\/api.w.org\/{rel}","templated":true}]}}