{"id":26667,"date":"2025-11-26T14:52:40","date_gmt":"2025-11-26T14:52:40","guid":{"rendered":"https:\/\/moirai.si\/?post_type=product&#038;p=26667"},"modified":"2025-11-26T14:52:40","modified_gmt":"2025-11-26T14:52:40","slug":"chalcedon-anhanger-4","status":"publish","type":"product","link":"https:\/\/moirai.si\/de\/izdelek\/obesek-kalcedon-4\/","title":{"rendered":"Chalcedon-Anh\u00e4nger"},"content":{"rendered":"<p>Sch\u00f6ner Anh\u00e4nger aus Chalcedon und 925er Sterlingsilber, Kette nicht inbegriffen. <\/p>\n<p>MATERIAL: Kalcedon, srebro 925<br \/>\nVELIKOST KAMNA: 1,7&#215;2,8 cm<br \/>\nSTEINDICKE: 0,6 cm<br \/>\nDOL\u017dINA OBESKA: 4,3 cm<br \/>\nTE\u017dA: 7g <\/p>","protected":false},"excerpt":{"rendered":"<p>\u010cudovit obesek Kalcedona in srebra 925. Veri\u017eica ni vklju\u010dena v ceno. MATERIAL: Kalcedon, srebro 925 VELIKOST KAMNA: 1,7&#215;2,8 cm DEBELINA KAMNA: 0,6 cm DOL\u017dINA OBESKA: 4,3 cm TE\u017dA: 7g<\/p>","protected":false},"featured_media":26668,"template":"","meta":[],"product_brand":[],"product_cat":[439,910],"product_tag":[396,371],"class_list":{"0":"post-26667","1":"product","2":"type-product","3":"status-publish","4":"has-post-thumbnail","6":"product_cat-kalcedon","7":"product_cat-obeski-in-srebro","8":"product_tag-kalcedon","9":"product_tag-srebro-925","11":"first","12":"instock","13":"shipping-taxable","14":"purchasable","15":"product-type-simple"},"_links":{"self":[{"href":"https:\/\/moirai.si\/de\/wp-json\/wp\/v2\/product\/26667","targetHints":{"allow":["GET"]}}],"collection":[{"href":"https:\/\/moirai.si\/de\/wp-json\/wp\/v2\/product"}],"about":[{"href":"https:\/\/moirai.si\/de\/wp-json\/wp\/v2\/types\/product"}],"wp:featuredmedia":[{"embeddable":true,"href":"https:\/\/moirai.si\/de\/wp-json\/wp\/v2\/media\/26668"}],"wp:attachment":[{"href":"https:\/\/moirai.si\/de\/wp-json\/wp\/v2\/media?parent=26667"}],"wp:term":[{"taxonomy":"product_brand","embeddable":true,"href":"https:\/\/moirai.si\/de\/wp-json\/wp\/v2\/product_brand?post=26667"},{"taxonomy":"product_cat","embeddable":true,"href":"https:\/\/moirai.si\/de\/wp-json\/wp\/v2\/product_cat?post=26667"},{"taxonomy":"product_tag","embeddable":true,"href":"https:\/\/moirai.si\/de\/wp-json\/wp\/v2\/product_tag?post=26667"}],"curies":[{"name":"wp","href":"https:\/\/api.w.org\/{rel}","templated":true}]}}