{"id":26708,"date":"2025-11-27T11:45:10","date_gmt":"2025-11-27T11:45:10","guid":{"rendered":"https:\/\/moirai.si\/?post_type=product&#038;p=26708"},"modified":"2025-11-27T11:45:10","modified_gmt":"2025-11-27T11:45:10","slug":"argo-mesecev-kamen","status":"publish","type":"product","link":"https:\/\/moirai.si\/de\/izdelek\/argo-mesecev-kamen\/","title":{"rendered":"Argo Mondstein"},"content":{"rendered":"<p>Elegantna zapestnica kolekcije Argo, ki je narejena iz Mese\u010devega Kamna ter rodiniranega srebra 925. <\/p>\n<p>MATERIAL: Mondstein, rhodiniertes 925er Silber<br \/>\nL\u00c4NGE: einstellbar 17-19,5 cm<br \/>\nSteingr\u00f6\u00dfe: 6-8 mm<br \/>\nSchlie\u00dfe: 9 mm<br \/>\nGEWICHT: 13,4 g<\/p>","protected":false},"excerpt":{"rendered":"<p>Elegantna zapestnica kolekcije Argo, ki je narejena iz Mese\u010devega Kamna ter rodiniranega srebra 925. MATERIAL: Mese\u010dev Kamen, rodinirano Srebro 925 DOL\u017dINA: prilagodljiva 17-19,5 cm VELIKOST KAMNOV: 6-8 mm ZAPONKA: 9 mm TE\u017dA: 13,4 g<\/p>","protected":false},"featured_media":26709,"template":"","meta":[],"product_brand":[],"product_cat":[191,820,59,821,822,1137],"product_tag":[366,637],"class_list":{"0":"post-26708","1":"product","2":"type-product","3":"status-publish","4":"has-post-thumbnail","6":"product_cat-argo","7":"product_cat-do-18cm","8":"product_cat-mesecev-kamen","9":"product_cat-od-18-do-19cm","10":"product_cat-od-19-do-20cm","11":"product_cat-ogled-vseh-zapestnice-2","12":"product_tag-mesecev-kamen","13":"product_tag-rodinirano-srebro-925","15":"first","16":"instock","17":"shipping-taxable","18":"purchasable","19":"product-type-simple"},"_links":{"self":[{"href":"https:\/\/moirai.si\/de\/wp-json\/wp\/v2\/product\/26708","targetHints":{"allow":["GET"]}}],"collection":[{"href":"https:\/\/moirai.si\/de\/wp-json\/wp\/v2\/product"}],"about":[{"href":"https:\/\/moirai.si\/de\/wp-json\/wp\/v2\/types\/product"}],"wp:featuredmedia":[{"embeddable":true,"href":"https:\/\/moirai.si\/de\/wp-json\/wp\/v2\/media\/26709"}],"wp:attachment":[{"href":"https:\/\/moirai.si\/de\/wp-json\/wp\/v2\/media?parent=26708"}],"wp:term":[{"taxonomy":"product_brand","embeddable":true,"href":"https:\/\/moirai.si\/de\/wp-json\/wp\/v2\/product_brand?post=26708"},{"taxonomy":"product_cat","embeddable":true,"href":"https:\/\/moirai.si\/de\/wp-json\/wp\/v2\/product_cat?post=26708"},{"taxonomy":"product_tag","embeddable":true,"href":"https:\/\/moirai.si\/de\/wp-json\/wp\/v2\/product_tag?post=26708"}],"curies":[{"name":"wp","href":"https:\/\/api.w.org\/{rel}","templated":true}]}}