{"id":26808,"date":"2025-12-03T07:36:43","date_gmt":"2025-12-03T07:36:43","guid":{"rendered":"https:\/\/moirai.si\/?post_type=product&#038;p=26808"},"modified":"2026-01-12T10:40:09","modified_gmt":"2026-01-12T10:40:09","slug":"versy-ahat-mahovni-12","status":"publish","type":"product","link":"https:\/\/moirai.si\/de\/izdelek\/versy-ahat-mahovni-12\/","title":{"rendered":"Versy Moosiger Achat"},"content":{"rendered":"<p>Unikaten obesek kolekcije Versy iz Mahovnega Ahata na \u010drnem usnjenem traku s prilagodljivo dol\u017eino (poteg vozla gor oz. dol). <\/p>\n<p>MATERIAL: Moosachat, schwarzes Leder<br \/>\nL\u00c4NGE: flexibel (38-77 cm)<br \/>\nVELIKOST KAMNA: 1,9&#215;1,6 cm<br \/>\nSTEINST\u00c4RKE: 1,2 cm<br \/>\nGEWICHT: 10,1 g<\/p>","protected":false},"excerpt":{"rendered":"<p>Unikaten obesek kolekcije Versy iz Mahovnega Ahata na \u010drnem usnjenem traku s prilagodljivo dol\u017eino (poteg vozla gor oz. dol). MATERIAL: Mahovni Ahat, \u010drno usnje DOL\u017dINA: prilagodljiva (38-77 cm) VELIKOST KAMNA: 1,9&#215;1,6 cm DEBELINA KAMNA: 1,2 cm TE\u017dA: 10.1 g<\/p>","protected":false},"featured_media":26809,"template":"","meta":[],"product_brand":[],"product_cat":[30,92,309],"product_tag":[648,775],"class_list":{"0":"post-26808","1":"product","2":"type-product","3":"status-publish","4":"has-post-thumbnail","6":"product_cat-ahat","7":"product_cat-obeski-in-usnje","8":"product_cat-versy","9":"product_tag-crno-usnje","10":"product_tag-mahovni-ahat","12":"first","13":"instock","14":"shipping-taxable","15":"purchasable","16":"product-type-simple"},"_links":{"self":[{"href":"https:\/\/moirai.si\/de\/wp-json\/wp\/v2\/product\/26808","targetHints":{"allow":["GET"]}}],"collection":[{"href":"https:\/\/moirai.si\/de\/wp-json\/wp\/v2\/product"}],"about":[{"href":"https:\/\/moirai.si\/de\/wp-json\/wp\/v2\/types\/product"}],"wp:featuredmedia":[{"embeddable":true,"href":"https:\/\/moirai.si\/de\/wp-json\/wp\/v2\/media\/26809"}],"wp:attachment":[{"href":"https:\/\/moirai.si\/de\/wp-json\/wp\/v2\/media?parent=26808"}],"wp:term":[{"taxonomy":"product_brand","embeddable":true,"href":"https:\/\/moirai.si\/de\/wp-json\/wp\/v2\/product_brand?post=26808"},{"taxonomy":"product_cat","embeddable":true,"href":"https:\/\/moirai.si\/de\/wp-json\/wp\/v2\/product_cat?post=26808"},{"taxonomy":"product_tag","embeddable":true,"href":"https:\/\/moirai.si\/de\/wp-json\/wp\/v2\/product_tag?post=26808"}],"curies":[{"name":"wp","href":"https:\/\/api.w.org\/{rel}","templated":true}]}}