{"id":26854,"date":"2025-12-03T18:35:52","date_gmt":"2025-12-03T18:35:52","guid":{"rendered":"https:\/\/moirai.si\/?post_type=product&#038;p=26854"},"modified":"2025-12-03T18:35:52","modified_gmt":"2025-12-03T18:35:52","slug":"versy-mesecev-kamen-mavricni-3","status":"publish","type":"product","link":"https:\/\/moirai.si\/de\/izdelek\/versy-mesecev-kamen-mavricni-3\/","title":{"rendered":"Versy Mondstein Regenbogen"},"content":{"rendered":"<p>Unikaten obesek kolekcije Versy iz Mavri\u010dnega Mese\u010devega kamna na \u010drnem usnjenem traku s prilagodljivo dol\u017eino (poteg vozla gor oz. dol). <\/p>\n<p>MATERIAL: Regenbogen-Mondstein, schwarzes Leder<br \/>\nL\u00c4NGE: flexibel (38-77 cm)<br \/>\nVELIKOST KAMNA: 2,1&#215;2,4 cm<br \/>\nSTEINSTICKE: 0,9 cm<br \/>\nGEWICHT: 12,3 g<\/p>","protected":false},"excerpt":{"rendered":"<p>Unikaten obesek kolekcije Versy iz Mavri\u010dnega Mese\u010devega kamna na \u010drnem usnjenem traku s prilagodljivo dol\u017eino (poteg vozla gor oz. dol). MATERIAL: Mavri\u010dni Mese\u010dev kamen, \u010drno usnje DOL\u017dINA: prilagodljiva (38-77 cm) VELIKOST KAMNA: 2,1&#215;2,4 cm DEBELINA KAMNA: 0,9 cm TE\u017dA: 12,3 g<\/p>","protected":false},"featured_media":26855,"template":"","meta":[],"product_brand":[],"product_cat":[59,92,309],"product_tag":[648,279],"class_list":{"0":"post-26854","1":"product","2":"type-product","3":"status-publish","4":"has-post-thumbnail","6":"product_cat-mesecev-kamen","7":"product_cat-obeski-in-usnje","8":"product_cat-versy","9":"product_tag-crno-usnje","10":"product_tag-mavricni-mesecev-kamen","12":"first","13":"instock","14":"shipping-taxable","15":"purchasable","16":"product-type-simple"},"_links":{"self":[{"href":"https:\/\/moirai.si\/de\/wp-json\/wp\/v2\/product\/26854","targetHints":{"allow":["GET"]}}],"collection":[{"href":"https:\/\/moirai.si\/de\/wp-json\/wp\/v2\/product"}],"about":[{"href":"https:\/\/moirai.si\/de\/wp-json\/wp\/v2\/types\/product"}],"wp:featuredmedia":[{"embeddable":true,"href":"https:\/\/moirai.si\/de\/wp-json\/wp\/v2\/media\/26855"}],"wp:attachment":[{"href":"https:\/\/moirai.si\/de\/wp-json\/wp\/v2\/media?parent=26854"}],"wp:term":[{"taxonomy":"product_brand","embeddable":true,"href":"https:\/\/moirai.si\/de\/wp-json\/wp\/v2\/product_brand?post=26854"},{"taxonomy":"product_cat","embeddable":true,"href":"https:\/\/moirai.si\/de\/wp-json\/wp\/v2\/product_cat?post=26854"},{"taxonomy":"product_tag","embeddable":true,"href":"https:\/\/moirai.si\/de\/wp-json\/wp\/v2\/product_tag?post=26854"}],"curies":[{"name":"wp","href":"https:\/\/api.w.org\/{rel}","templated":true}]}}