{"id":26872,"date":"2025-12-04T08:55:30","date_gmt":"2025-12-04T08:55:30","guid":{"rendered":"https:\/\/moirai.si\/?post_type=product&#038;p=26872"},"modified":"2025-12-04T08:55:30","modified_gmt":"2025-12-04T08:55:30","slug":"versy-rubin-7","status":"publish","type":"product","link":"https:\/\/moirai.si\/de\/izdelek\/versy-rubin-7\/","title":{"rendered":"Versy Rubin"},"content":{"rendered":"<p>Unikaten obesek kolekcije Versy iz Rubina na \u010drnem usnjenem traku s prilagodljivo dol\u017eino (poteg vozla gor oz. dol). <\/p>\n<p>MATERIAL: Rubin, \u010drno usnje<br \/>\nL\u00c4NGE: flexibel (38-77 cm)<br \/>\nVELIKOST KAMNA: 1,8&#215;2,7 cm<br \/>\nSTEINDICKE: 0,8 cm<br \/>\nTE\u017dA: 17,1g<\/p>","protected":false},"excerpt":{"rendered":"<p>Unikaten obesek kolekcije Versy iz Rubina na \u010drnem usnjenem traku s prilagodljivo dol\u017eino (poteg vozla gor oz. dol). MATERIAL: Rubin, \u010drno usnje DOL\u017dINA: prilagodljiva (38-77 cm) VELIKOST KAMNA: 1,8&#215;2,7 cm DEBELINA KAMNA: 0,8 cm TE\u017dA: 17,1g<\/p>","protected":false},"featured_media":26873,"template":"","meta":[],"product_brand":[],"product_cat":[92,73,309],"product_tag":[648,492],"class_list":{"0":"post-26872","1":"product","2":"type-product","3":"status-publish","4":"has-post-thumbnail","6":"product_cat-obeski-in-usnje","7":"product_cat-rubin","8":"product_cat-versy","9":"product_tag-crno-usnje","10":"product_tag-rubin","12":"first","13":"instock","14":"shipping-taxable","15":"purchasable","16":"product-type-simple"},"_links":{"self":[{"href":"https:\/\/moirai.si\/de\/wp-json\/wp\/v2\/product\/26872","targetHints":{"allow":["GET"]}}],"collection":[{"href":"https:\/\/moirai.si\/de\/wp-json\/wp\/v2\/product"}],"about":[{"href":"https:\/\/moirai.si\/de\/wp-json\/wp\/v2\/types\/product"}],"wp:featuredmedia":[{"embeddable":true,"href":"https:\/\/moirai.si\/de\/wp-json\/wp\/v2\/media\/26873"}],"wp:attachment":[{"href":"https:\/\/moirai.si\/de\/wp-json\/wp\/v2\/media?parent=26872"}],"wp:term":[{"taxonomy":"product_brand","embeddable":true,"href":"https:\/\/moirai.si\/de\/wp-json\/wp\/v2\/product_brand?post=26872"},{"taxonomy":"product_cat","embeddable":true,"href":"https:\/\/moirai.si\/de\/wp-json\/wp\/v2\/product_cat?post=26872"},{"taxonomy":"product_tag","embeddable":true,"href":"https:\/\/moirai.si\/de\/wp-json\/wp\/v2\/product_tag?post=26872"}],"curies":[{"name":"wp","href":"https:\/\/api.w.org\/{rel}","templated":true}]}}