{"id":26939,"date":"2025-12-04T13:54:54","date_gmt":"2025-12-04T13:54:54","guid":{"rendered":"https:\/\/moirai.si\/?post_type=product&#038;p=26939"},"modified":"2025-12-04T13:54:54","modified_gmt":"2025-12-04T13:54:54","slug":"versy-ahat-drevesni-7","status":"publish","type":"product","link":"https:\/\/moirai.si\/de\/izdelek\/versy-ahat-drevesni-7\/","title":{"rendered":"Versy Baumachat"},"content":{"rendered":"<p>Unikaten obesek kolekcije Versy iz Drevesnega Ahata na \u010drnem usnjenem traku s prilagodljivo dol\u017eino (poteg vozla gor oz. dol). <\/p>\n<p>MATERIAL: Achatholz, schwarzes Leder<br \/>\nL\u00c4NGE: flexibel (38-77 cm)<br \/>\nGr\u00f6\u00dfe des Steins: 1,3\u00d72,1 cm<br \/>\nSTEINST\u00c4RKE: 0,5 cm<br \/>\nTE\u017dA: 7,1 g<\/p>","protected":false},"excerpt":{"rendered":"<p>Unikaten obesek kolekcije Versy iz Drevesnega Ahata na \u010drnem usnjenem traku s prilagodljivo dol\u017eino (poteg vozla gor oz. dol). MATERIAL: Drevesni Ahat, \u010drno usnje DOL\u017dINA: prilagodljiva (38-77 cm) VELIKOST KAMNA: 1,3&#215;2,1 cm DEBELINA KAMNA: 0,5 cm TE\u017dA: 7,1 g<\/p>","protected":false},"featured_media":26940,"template":"","meta":[],"product_brand":[],"product_cat":[30,92,309],"product_tag":[648,482],"class_list":{"0":"post-26939","1":"product","2":"type-product","3":"status-publish","4":"has-post-thumbnail","6":"product_cat-ahat","7":"product_cat-obeski-in-usnje","8":"product_cat-versy","9":"product_tag-crno-usnje","10":"product_tag-drevesni-ahat","12":"first","13":"instock","14":"shipping-taxable","15":"purchasable","16":"product-type-simple"},"_links":{"self":[{"href":"https:\/\/moirai.si\/de\/wp-json\/wp\/v2\/product\/26939","targetHints":{"allow":["GET"]}}],"collection":[{"href":"https:\/\/moirai.si\/de\/wp-json\/wp\/v2\/product"}],"about":[{"href":"https:\/\/moirai.si\/de\/wp-json\/wp\/v2\/types\/product"}],"wp:featuredmedia":[{"embeddable":true,"href":"https:\/\/moirai.si\/de\/wp-json\/wp\/v2\/media\/26940"}],"wp:attachment":[{"href":"https:\/\/moirai.si\/de\/wp-json\/wp\/v2\/media?parent=26939"}],"wp:term":[{"taxonomy":"product_brand","embeddable":true,"href":"https:\/\/moirai.si\/de\/wp-json\/wp\/v2\/product_brand?post=26939"},{"taxonomy":"product_cat","embeddable":true,"href":"https:\/\/moirai.si\/de\/wp-json\/wp\/v2\/product_cat?post=26939"},{"taxonomy":"product_tag","embeddable":true,"href":"https:\/\/moirai.si\/de\/wp-json\/wp\/v2\/product_tag?post=26939"}],"curies":[{"name":"wp","href":"https:\/\/api.w.org\/{rel}","templated":true}]}}