{"id":26978,"date":"2025-12-17T09:20:14","date_gmt":"2025-12-17T09:20:14","guid":{"rendered":"https:\/\/moirai.si\/?post_type=product&#038;p=26978"},"modified":"2025-12-17T11:19:33","modified_gmt":"2025-12-17T11:19:33","slug":"le-petit-mesecev-kamen","status":"publish","type":"product","link":"https:\/\/moirai.si\/de\/izdelek\/le-petit-mesecev-kamen\/","title":{"rendered":"Le Petit Mese\u010dev Kamen"},"content":{"rendered":"<p>Elegantni uhani kolekcije Le Petit, ki so narejeni iz Mese\u010devega Kamna in rodiniranega srebra 925.<\/p>\n<p>MATERIAL: Mese\u010dev Kamen (bel), rodinirano srebro 925<br \/>\nSTEINGR\u00d6SSE: 8 mm<br \/>\nDOL\u017dINA UHANA: 1,6cm<br \/>\nGEWICHT: 2,6 g<\/p>","protected":false},"excerpt":{"rendered":"<p>Elegantni uhani kolekcije Le Petit, ki so narejeni iz Mese\u010devega Kamna in rodiniranega srebra 925. MATERIAL: Mese\u010dev Kamen (bel), rodinirano srebro 925 VELIKOST KAMNOV: 8 mm DOL\u017dINA UHANA: 1,6cm TE\u017dA: 2,6 g<\/p>","protected":false},"featured_media":26979,"template":"","meta":[],"product_brand":[],"product_cat":[59,1138,1143],"product_tag":[1156,637],"class_list":{"0":"post-26978","1":"product","2":"type-product","3":"status-publish","4":"has-post-thumbnail","6":"product_cat-mesecev-kamen","7":"product_cat-ogled-vseh-uhani","8":"product_cat-uhani-le-petit","9":"product_tag-mesecev-kamen-bel","10":"product_tag-rodinirano-srebro-925","12":"first","13":"instock","14":"shipping-taxable","15":"purchasable","16":"product-type-simple"},"_links":{"self":[{"href":"https:\/\/moirai.si\/de\/wp-json\/wp\/v2\/product\/26978","targetHints":{"allow":["GET"]}}],"collection":[{"href":"https:\/\/moirai.si\/de\/wp-json\/wp\/v2\/product"}],"about":[{"href":"https:\/\/moirai.si\/de\/wp-json\/wp\/v2\/types\/product"}],"wp:featuredmedia":[{"embeddable":true,"href":"https:\/\/moirai.si\/de\/wp-json\/wp\/v2\/media\/26979"}],"wp:attachment":[{"href":"https:\/\/moirai.si\/de\/wp-json\/wp\/v2\/media?parent=26978"}],"wp:term":[{"taxonomy":"product_brand","embeddable":true,"href":"https:\/\/moirai.si\/de\/wp-json\/wp\/v2\/product_brand?post=26978"},{"taxonomy":"product_cat","embeddable":true,"href":"https:\/\/moirai.si\/de\/wp-json\/wp\/v2\/product_cat?post=26978"},{"taxonomy":"product_tag","embeddable":true,"href":"https:\/\/moirai.si\/de\/wp-json\/wp\/v2\/product_tag?post=26978"}],"curies":[{"name":"wp","href":"https:\/\/api.w.org\/{rel}","templated":true}]}}