{"id":27000,"date":"2025-12-17T11:28:54","date_gmt":"2025-12-17T11:28:54","guid":{"rendered":"https:\/\/moirai.si\/?post_type=product&#038;p=27000"},"modified":"2025-12-22T12:00:58","modified_gmt":"2025-12-22T12:00:58","slug":"le-petit-rozevec-3","status":"publish","type":"product","link":"https:\/\/moirai.si\/de\/izdelek\/le-petit-rozevec-3\/","title":{"rendered":"Le Petit Ros\u00e9"},"content":{"rendered":"<p>Elegantni uhani kolekcije Le Petit, ki so narejeni iz Ro\u017eevca in srebra 925.<\/p>\n<p>MATERIAL: Ro\u017eevec, srebro 925<br \/>\nSTEINGR\u00d6SSE: 8 mm<br \/>\nTE\u017dA:2 g<\/p>","protected":false},"excerpt":{"rendered":"<p>Elegantni uhani kolekcije Le Petit, ki so narejeni iz Ro\u017eevca in srebra 925. MATERIAL: Ro\u017eevec, srebro 925 VELIKOST KAMNOV: 8 mm TE\u017dA:2 g<\/p>","protected":false},"featured_media":27001,"template":"","meta":[],"product_brand":[],"product_cat":[1138,69,1143],"product_tag":[225,371],"class_list":{"0":"post-27000","1":"product","2":"type-product","3":"status-publish","4":"has-post-thumbnail","6":"product_cat-ogled-vseh-uhani","7":"product_cat-rozevec","8":"product_cat-uhani-le-petit","9":"product_tag-rozevec","10":"product_tag-srebro-925","12":"first","13":"instock","14":"shipping-taxable","15":"purchasable","16":"product-type-simple"},"_links":{"self":[{"href":"https:\/\/moirai.si\/de\/wp-json\/wp\/v2\/product\/27000","targetHints":{"allow":["GET"]}}],"collection":[{"href":"https:\/\/moirai.si\/de\/wp-json\/wp\/v2\/product"}],"about":[{"href":"https:\/\/moirai.si\/de\/wp-json\/wp\/v2\/types\/product"}],"wp:featuredmedia":[{"embeddable":true,"href":"https:\/\/moirai.si\/de\/wp-json\/wp\/v2\/media\/27001"}],"wp:attachment":[{"href":"https:\/\/moirai.si\/de\/wp-json\/wp\/v2\/media?parent=27000"}],"wp:term":[{"taxonomy":"product_brand","embeddable":true,"href":"https:\/\/moirai.si\/de\/wp-json\/wp\/v2\/product_brand?post=27000"},{"taxonomy":"product_cat","embeddable":true,"href":"https:\/\/moirai.si\/de\/wp-json\/wp\/v2\/product_cat?post=27000"},{"taxonomy":"product_tag","embeddable":true,"href":"https:\/\/moirai.si\/de\/wp-json\/wp\/v2\/product_tag?post=27000"}],"curies":[{"name":"wp","href":"https:\/\/api.w.org\/{rel}","templated":true}]}}