{"id":2731,"date":"2015-10-19T22:36:58","date_gmt":"2015-10-19T22:36:58","guid":{"rendered":"http:\/\/moirai.si\/?post_type=product&#038;p=2731"},"modified":"2025-01-12T20:23:35","modified_gmt":"2025-01-12T20:23:35","slug":"ella-jasper-provinziell","status":"publish","type":"product","link":"https:\/\/moirai.si\/de\/izdelek\/ella-jaspis-pokrajinski\/","title":{"rendered":"Ella Jaspis Provinzial"},"content":{"rendered":"<p>Einzigartige Ohrringe aus der Ella-Kollektion, hergestellt aus provinziellem Jaspis und 925er Sterlingsilber.<\/p>\n<p>Weitere Informationen: <a href=\"https:\/\/moirai.si\/de\/jaspis\/\" target=\"_blank\" rel=\"noopener noreferrer\">Jaspis<\/a><\/p>\n<p>MATERIAL: Provinzieller Jaspis, Sterlingsilber 925<br \/>\nL\u00c4NGE: 5cm<br \/>\nGEWICHT: 10 g<br \/>\nSTEINGR\u00d6SSE: 22mm<\/p>","protected":false},"excerpt":{"rendered":"<p>Unikatni uhani kolekcije Ella, ki so narejeni iz Pokrajinskega Jaspisa in srebra 925. Ve\u010d informacij: Jaspis MATERIAL: Pokrajinski Jaspis, srebro 925 DOL\u017dINA: 5cm TE\u017dA: 10 g VELIKOST KAMNOV: 22mm<\/p>","protected":false},"featured_media":18139,"template":"","meta":[],"product_brand":[],"product_cat":[289,47,1138,27,1142],"product_tag":[229,221],"class_list":{"0":"post-2731","1":"product","2":"type-product","3":"status-publish","4":"has-post-thumbnail","6":"product_cat-ella","7":"product_cat-jaspis","8":"product_cat-ogled-vseh-uhani","9":"product_cat-uhani","10":"product_cat-uhani-ella","11":"product_tag-jaspis","12":"product_tag-srebro925","14":"first","15":"instock","16":"sold-individually","17":"purchasable","18":"product-type-simple"},"_links":{"self":[{"href":"https:\/\/moirai.si\/de\/wp-json\/wp\/v2\/product\/2731","targetHints":{"allow":["GET"]}}],"collection":[{"href":"https:\/\/moirai.si\/de\/wp-json\/wp\/v2\/product"}],"about":[{"href":"https:\/\/moirai.si\/de\/wp-json\/wp\/v2\/types\/product"}],"wp:featuredmedia":[{"embeddable":true,"href":"https:\/\/moirai.si\/de\/wp-json\/wp\/v2\/media\/18139"}],"wp:attachment":[{"href":"https:\/\/moirai.si\/de\/wp-json\/wp\/v2\/media?parent=2731"}],"wp:term":[{"taxonomy":"product_brand","embeddable":true,"href":"https:\/\/moirai.si\/de\/wp-json\/wp\/v2\/product_brand?post=2731"},{"taxonomy":"product_cat","embeddable":true,"href":"https:\/\/moirai.si\/de\/wp-json\/wp\/v2\/product_cat?post=2731"},{"taxonomy":"product_tag","embeddable":true,"href":"https:\/\/moirai.si\/de\/wp-json\/wp\/v2\/product_tag?post=2731"}],"curies":[{"name":"wp","href":"https:\/\/api.w.org\/{rel}","templated":true}]}}