{"id":3719,"date":"2015-11-29T14:47:01","date_gmt":"2015-11-29T14:47:01","guid":{"rendered":"http:\/\/moirai.si\/?post_type=product&#038;p=3719"},"modified":"2026-03-26T12:36:13","modified_gmt":"2026-03-26T12:36:13","slug":"sodalith-mit","status":"publish","type":"product","link":"https:\/\/moirai.si\/de\/izdelek\/sodalit-s\/","title":{"rendered":"Sodalith S"},"content":{"rendered":"<p>Ein sch\u00f6nes St\u00fcck polierter Sodalith, geeignet als heilender Handstein oder als Geschenk. Das Bild ist symbolisch. Geringe Abweichungen in Farbe, Gewicht und Form k\u00f6nnen auftreten.<\/p>\n<p>Weitere Informationen: <a href=\"https:\/\/moirai.si\/de\/sodalith\/\" target=\"_blank\" rel=\"noopener noreferrer\">Sodalith<\/a><\/p>\n<p>MATERIAL: Sodalith (Brasilien)<br \/>\nABMESSUNGEN: ca. 2 cm<br \/>\nGEWICHT: 5-10 g<\/p>","protected":false},"excerpt":{"rendered":"<p>\u010cudovit kos spoliranega Sodalita, primeren kot zdravilni ro\u010dni kamen ali kot darilo. Slika je simboli\u010dna. Mo\u017ena so manj\u0161a odstopanja v barvi, te\u017ei in obliki. Ve\u010d informacij: Sodalit MATERIAL: Sodalit (Brazilija) DIMENZIJE: cca 2 cm TE\u017dA: 5-10 g<\/p>","protected":false},"featured_media":20048,"template":"","meta":[],"product_brand":[],"product_cat":[753,77],"product_tag":[227],"class_list":{"0":"post-3719","1":"product","2":"type-product","3":"status-publish","4":"has-post-thumbnail","6":"product_cat-rocni-kamni","7":"product_cat-sodalit","8":"product_tag-sodalit","10":"first","11":"instock","12":"purchasable","13":"product-type-simple"},"_links":{"self":[{"href":"https:\/\/moirai.si\/de\/wp-json\/wp\/v2\/product\/3719","targetHints":{"allow":["GET"]}}],"collection":[{"href":"https:\/\/moirai.si\/de\/wp-json\/wp\/v2\/product"}],"about":[{"href":"https:\/\/moirai.si\/de\/wp-json\/wp\/v2\/types\/product"}],"wp:featuredmedia":[{"embeddable":true,"href":"https:\/\/moirai.si\/de\/wp-json\/wp\/v2\/media\/20048"}],"wp:attachment":[{"href":"https:\/\/moirai.si\/de\/wp-json\/wp\/v2\/media?parent=3719"}],"wp:term":[{"taxonomy":"product_brand","embeddable":true,"href":"https:\/\/moirai.si\/de\/wp-json\/wp\/v2\/product_brand?post=3719"},{"taxonomy":"product_cat","embeddable":true,"href":"https:\/\/moirai.si\/de\/wp-json\/wp\/v2\/product_cat?post=3719"},{"taxonomy":"product_tag","embeddable":true,"href":"https:\/\/moirai.si\/de\/wp-json\/wp\/v2\/product_tag?post=3719"}],"curies":[{"name":"wp","href":"https:\/\/api.w.org\/{rel}","templated":true}]}}