{"id":6392,"date":"2016-01-24T14:21:29","date_gmt":"2016-01-24T14:21:29","guid":{"rendered":"https:\/\/moirai.si\/?post_type=product&#038;p=6392"},"modified":"2025-01-13T15:39:52","modified_gmt":"2025-01-13T15:39:52","slug":"macrame-oniks","status":"publish","type":"product","link":"https:\/\/moirai.si\/de\/izdelek\/macrame-oniks\/","title":{"rendered":"Makramee Onyx"},"content":{"rendered":"<p>Unisex-Armband aus der Macrame-Kollektion, hergestellt aus Onyx. Das Armband ist flexibel und leicht zu tragen.<\/p>\n<p>Weitere Informationen: <a href=\"https:\/\/moirai.si\/de\/onyx-2\/\" target=\"_blank\" rel=\"noopener noreferrer\">Onyx<\/a><\/p>\n<p>MATERIAL: Onyx<br \/>\nL\u00c4NGE: einstellbar von 16-25 cm<br \/>\nTE\u017dA: 7g<br \/>\nSTEINGR\u00d6SSE: 6mm<\/p>","protected":false},"excerpt":{"rendered":"<p>Unisex zapestnica kolekcije Macrame, ki je narejena iz Oniksa. Zapestnica je prilagodljiva in enostavna za no\u0161enje. Ve\u010d informacij: Oniks MATERIAL: Oniks DOL\u017dINA: prilagodljiva od 16-25 cm TE\u017dA: 7g VELIKOST KAMNOV: 6mm<\/p>","protected":false},"featured_media":13765,"template":"","meta":[],"product_brand":[],"product_cat":[820,187,212,29,821,822,823,1137,62],"product_tag":[462,206,458],"class_list":{"0":"post-6392","1":"product","2":"type-product","3":"status-publish","4":"has-post-thumbnail","6":"product_cat-do-18cm","7":"product_cat-kolekcije","8":"product_cat-macrame-2","9":"product_cat-nakup-po-kamnih","10":"product_cat-od-18-do-19cm","11":"product_cat-od-19-do-20cm","12":"product_cat-od-20cm","13":"product_cat-ogled-vseh-zapestnice-2","14":"product_cat-oniks","15":"product_tag-macrame","16":"product_tag-oniks","17":"product_tag-zapestnica","19":"first","20":"instock","21":"sold-individually","22":"purchasable","23":"product-type-simple"},"_links":{"self":[{"href":"https:\/\/moirai.si\/de\/wp-json\/wp\/v2\/product\/6392","targetHints":{"allow":["GET"]}}],"collection":[{"href":"https:\/\/moirai.si\/de\/wp-json\/wp\/v2\/product"}],"about":[{"href":"https:\/\/moirai.si\/de\/wp-json\/wp\/v2\/types\/product"}],"wp:featuredmedia":[{"embeddable":true,"href":"https:\/\/moirai.si\/de\/wp-json\/wp\/v2\/media\/13765"}],"wp:attachment":[{"href":"https:\/\/moirai.si\/de\/wp-json\/wp\/v2\/media?parent=6392"}],"wp:term":[{"taxonomy":"product_brand","embeddable":true,"href":"https:\/\/moirai.si\/de\/wp-json\/wp\/v2\/product_brand?post=6392"},{"taxonomy":"product_cat","embeddable":true,"href":"https:\/\/moirai.si\/de\/wp-json\/wp\/v2\/product_cat?post=6392"},{"taxonomy":"product_tag","embeddable":true,"href":"https:\/\/moirai.si\/de\/wp-json\/wp\/v2\/product_tag?post=6392"}],"curies":[{"name":"wp","href":"https:\/\/api.w.org\/{rel}","templated":true}]}}