{"id":6395,"date":"2016-01-24T14:32:05","date_gmt":"2016-01-24T14:32:05","guid":{"rendered":"https:\/\/moirai.si\/?post_type=product&#038;p=6395"},"modified":"2025-07-07T16:51:11","modified_gmt":"2025-07-07T16:51:11","slug":"makramee-tigerauge-2","status":"publish","type":"product","link":"https:\/\/moirai.si\/de\/izdelek\/macrame-tigrovo-oko-2\/","title":{"rendered":"Makramee Tigerauge"},"content":{"rendered":"<p>Unisex-Armband aus der Macrame-Kollektion, hergestellt aus Tigerauge. Das Armband ist flexibel und leicht zu tragen.<\/p>\n<p>Weitere Informationen: <a href=\"https:\/\/moirai.si\/de\/das-auge-des-tigers\/\" target=\"_blank\" rel=\"noopener noreferrer\">Tigerauge<\/a><\/p>\n<p>MATERIAL: facettiertes Auge des Tigers<br \/>\nL\u00c4NGE: einstellbar von 16-25 cm<br \/>\nGEWICHT: 12,2 g<br \/>\nSTEINGR\u00d6SSE: 8mm<\/p>","protected":false},"excerpt":{"rendered":"<p>Unisex zapestnica kolekcije Macrame, ki je narejena iz Tigrovega O\u010desa. Zapestnica je prilagodljiva in enostavna za no\u0161enje. Ve\u010d informacij: Tigrovo Oko MATERIAL: fasetirano Tigrovo Oko DOL\u017dINA: prilagodljiva od 16-25 cm TE\u017dA: 12.2 g VELIKOST KAMNOV: 8mm<\/p>","protected":false},"featured_media":26125,"template":"","meta":[],"product_brand":[],"product_cat":[820,187,212,821,822,823,1137,81],"product_tag":[463,337,462],"class_list":{"0":"post-6395","1":"product","2":"type-product","3":"status-publish","4":"has-post-thumbnail","6":"product_cat-do-18cm","7":"product_cat-kolekcije","8":"product_cat-macrame-2","9":"product_cat-od-18-do-19cm","10":"product_cat-od-19-do-20cm","11":"product_cat-od-20cm","12":"product_cat-ogled-vseh-zapestnice-2","13":"product_cat-tigrovo-oko","14":"product_tag-crna-bombazno-voscena-vrvica","15":"product_tag-fasetirano-tigrovo-oko","16":"product_tag-macrame","18":"first","19":"instock","20":"sold-individually","21":"purchasable","22":"product-type-simple"},"_links":{"self":[{"href":"https:\/\/moirai.si\/de\/wp-json\/wp\/v2\/product\/6395","targetHints":{"allow":["GET"]}}],"collection":[{"href":"https:\/\/moirai.si\/de\/wp-json\/wp\/v2\/product"}],"about":[{"href":"https:\/\/moirai.si\/de\/wp-json\/wp\/v2\/types\/product"}],"wp:featuredmedia":[{"embeddable":true,"href":"https:\/\/moirai.si\/de\/wp-json\/wp\/v2\/media\/26125"}],"wp:attachment":[{"href":"https:\/\/moirai.si\/de\/wp-json\/wp\/v2\/media?parent=6395"}],"wp:term":[{"taxonomy":"product_brand","embeddable":true,"href":"https:\/\/moirai.si\/de\/wp-json\/wp\/v2\/product_brand?post=6395"},{"taxonomy":"product_cat","embeddable":true,"href":"https:\/\/moirai.si\/de\/wp-json\/wp\/v2\/product_cat?post=6395"},{"taxonomy":"product_tag","embeddable":true,"href":"https:\/\/moirai.si\/de\/wp-json\/wp\/v2\/product_tag?post=6395"}],"curies":[{"name":"wp","href":"https:\/\/api.w.org\/{rel}","templated":true}]}}