{"id":6398,"date":"2016-01-24T14:38:55","date_gmt":"2016-01-24T14:38:55","guid":{"rendered":"https:\/\/moirai.si\/?post_type=product&#038;p=6398"},"modified":"2025-01-13T15:39:31","modified_gmt":"2025-01-13T15:39:31","slug":"makramee-tigerauge","status":"publish","type":"product","link":"https:\/\/moirai.si\/de\/izdelek\/macrame-tigrovo-oko\/","title":{"rendered":"Makramee Tigerauge"},"content":{"rendered":"<p>Unisex-Armband aus der Macrame-Kollektion, hergestellt aus Tigerauge. Das Armband ist flexibel und leicht zu tragen. Das Bild ist symbolisch, leichte Abweichungen in Farbe und Gewicht sind m\u00f6glich.<\/p>\n<p>Weitere Informationen: <a href=\"https:\/\/moirai.si\/de\/das-auge-des-tigers\/\" target=\"_blank\" rel=\"noopener noreferrer\">Tigerauge<\/a><\/p>\n<p>MATERIAL: Tigerauge<br \/>\nL\u00c4NGE: einstellbar von 16-25 cm<br \/>\nGEWICHT: 6,8 g<br \/>\nSTEINGR\u00d6SSE: 6mm<\/p>","protected":false},"excerpt":{"rendered":"<p>Unisex zapestnica kolekcije Macrame, ki je narejena iz Tigrovega O\u010desa. Zapestnica je prilagodljiva in enostavna za no\u0161enje. Slika je simboli\u010dna, mo\u017ena so manj\u0161a odstopanja v barvi in te\u017ei. Ve\u010d informacij: Tigrovo Oko MATERIAL: Tigrovo Oko DOL\u017dINA: prilagodljiva od 16-25 cm TE\u017dA: 6.8g VELIKOST KAMNOV: 6mm<\/p>","protected":false},"featured_media":13767,"template":"","meta":[],"product_brand":[],"product_cat":[820,187,212,29,821,822,823,1137,81],"product_tag":[463,462,199],"class_list":{"0":"post-6398","1":"product","2":"type-product","3":"status-publish","4":"has-post-thumbnail","6":"product_cat-do-18cm","7":"product_cat-kolekcije","8":"product_cat-macrame-2","9":"product_cat-nakup-po-kamnih","10":"product_cat-od-18-do-19cm","11":"product_cat-od-19-do-20cm","12":"product_cat-od-20cm","13":"product_cat-ogled-vseh-zapestnice-2","14":"product_cat-tigrovo-oko","15":"product_tag-crna-bombazno-voscena-vrvica","16":"product_tag-macrame","17":"product_tag-tigrovo-oko","19":"first","20":"instock","21":"sold-individually","22":"purchasable","23":"product-type-simple"},"_links":{"self":[{"href":"https:\/\/moirai.si\/de\/wp-json\/wp\/v2\/product\/6398","targetHints":{"allow":["GET"]}}],"collection":[{"href":"https:\/\/moirai.si\/de\/wp-json\/wp\/v2\/product"}],"about":[{"href":"https:\/\/moirai.si\/de\/wp-json\/wp\/v2\/types\/product"}],"wp:featuredmedia":[{"embeddable":true,"href":"https:\/\/moirai.si\/de\/wp-json\/wp\/v2\/media\/13767"}],"wp:attachment":[{"href":"https:\/\/moirai.si\/de\/wp-json\/wp\/v2\/media?parent=6398"}],"wp:term":[{"taxonomy":"product_brand","embeddable":true,"href":"https:\/\/moirai.si\/de\/wp-json\/wp\/v2\/product_brand?post=6398"},{"taxonomy":"product_cat","embeddable":true,"href":"https:\/\/moirai.si\/de\/wp-json\/wp\/v2\/product_cat?post=6398"},{"taxonomy":"product_tag","embeddable":true,"href":"https:\/\/moirai.si\/de\/wp-json\/wp\/v2\/product_tag?post=6398"}],"curies":[{"name":"wp","href":"https:\/\/api.w.org\/{rel}","templated":true}]}}