{"id":6425,"date":"2016-01-24T17:05:52","date_gmt":"2016-01-24T17:05:52","guid":{"rendered":"https:\/\/moirai.si\/?post_type=product&#038;p=6425"},"modified":"2025-11-06T12:33:09","modified_gmt":"2025-11-06T12:33:09","slug":"macrame-rodokrozit-2","status":"publish","type":"product","link":"https:\/\/moirai.si\/de\/izdelek\/macrame-rodokrozit-2\/","title":{"rendered":"Makramee Rhodochrosit"},"content":{"rendered":"<p>Unisex zapestnica kolekcije Macrame, ki je narejena iz Rodokrozita. Zapestnica je prilagodljiva in enostavna za no\u0161enje. Slika je simboli\u010dna. Mo\u017ena so manj\u0161a odstopanja v barvi.<\/p>\n<p>Weitere Informationen: <a href=\"https:\/\/moirai.si\/de\/rhodochrosit\/\" target=\"_blank\" rel=\"noopener noreferrer\">Rhodochrosit<\/a><\/p>\n<p>MATERIAL: Rodokrozit<br \/>\nL\u00c4NGE: einstellbar von 16-25 cm<br \/>\nTE\u017dA: 8g<br \/>\nVELIKOST KAMNOV: 5.5mm<br \/>\nVerschluss: flexibel<\/p>","protected":false},"excerpt":{"rendered":"<p>Unisex zapestnica kolekcije Macrame, ki je narejena iz Rodokrozita. Zapestnica je prilagodljiva in enostavna za no\u0161enje. Slika je simboli\u010dna. Mo\u017ena so manj\u0161a odstopanja v barvi. Ve\u010d informacij: Rodokrozit MATERIAL: Rodokrozit DOL\u017dINA: prilagodljiva od 16-25 cm TE\u017dA: 8g VELIKOST KAMNOV: 5.5mm ZAPONKA: prilagodljiva<\/p>","protected":false},"featured_media":26580,"template":"","meta":[],"product_brand":[],"product_cat":[820,187,212,29,821,822,823,1137,71],"product_tag":[462,397,458],"class_list":{"0":"post-6425","1":"product","2":"type-product","3":"status-publish","4":"has-post-thumbnail","6":"product_cat-do-18cm","7":"product_cat-kolekcije","8":"product_cat-macrame-2","9":"product_cat-nakup-po-kamnih","10":"product_cat-od-18-do-19cm","11":"product_cat-od-19-do-20cm","12":"product_cat-od-20cm","13":"product_cat-ogled-vseh-zapestnice-2","14":"product_cat-rodokrozit","15":"product_tag-macrame","16":"product_tag-rodokrozit","17":"product_tag-zapestnica","19":"first","20":"instock","21":"sold-individually","22":"purchasable","23":"product-type-simple"},"_links":{"self":[{"href":"https:\/\/moirai.si\/de\/wp-json\/wp\/v2\/product\/6425","targetHints":{"allow":["GET"]}}],"collection":[{"href":"https:\/\/moirai.si\/de\/wp-json\/wp\/v2\/product"}],"about":[{"href":"https:\/\/moirai.si\/de\/wp-json\/wp\/v2\/types\/product"}],"wp:featuredmedia":[{"embeddable":true,"href":"https:\/\/moirai.si\/de\/wp-json\/wp\/v2\/media\/26580"}],"wp:attachment":[{"href":"https:\/\/moirai.si\/de\/wp-json\/wp\/v2\/media?parent=6425"}],"wp:term":[{"taxonomy":"product_brand","embeddable":true,"href":"https:\/\/moirai.si\/de\/wp-json\/wp\/v2\/product_brand?post=6425"},{"taxonomy":"product_cat","embeddable":true,"href":"https:\/\/moirai.si\/de\/wp-json\/wp\/v2\/product_cat?post=6425"},{"taxonomy":"product_tag","embeddable":true,"href":"https:\/\/moirai.si\/de\/wp-json\/wp\/v2\/product_tag?post=6425"}],"curies":[{"name":"wp","href":"https:\/\/api.w.org\/{rel}","templated":true}]}}