{"id":6434,"date":"2016-01-24T17:21:05","date_gmt":"2016-01-24T17:21:05","guid":{"rendered":"https:\/\/moirai.si\/?post_type=product&#038;p=6434"},"modified":"2025-10-23T10:34:03","modified_gmt":"2025-10-23T10:34:03","slug":"macrame-ametist-4","status":"publish","type":"product","link":"https:\/\/moirai.si\/de\/izdelek\/macrame-ametist-4\/","title":{"rendered":"Makramee Amethyst"},"content":{"rendered":"<p>Unisex zapestnica kolekcije Macrame, ki je narejena iz fasetiranega Ametista. Zapestnica je prilagodljiva in enostavna za no\u0161enje.<\/p>\n<p>Weitere Informationen: <a href=\"https:\/\/moirai.si\/de\/amethyst-2\/\" target=\"_blank\" rel=\"noopener noreferrer\">Amethyst<\/a><\/p>\n<p>MATERIAL: fasetiran Ametist<br \/>\nL\u00c4NGE: einstellbar von 16-25 cm<br \/>\nTE\u017dA: 16.7g<br \/>\nSTEINGR\u00d6SSE: 6-10mm<\/p>","protected":false},"excerpt":{"rendered":"<p>Unisex zapestnica kolekcije Macrame, ki je narejena iz fasetiranega Ametista. Zapestnica je prilagodljiva in enostavna za no\u0161enje. Ve\u010d informacij: Ametist MATERIAL: fasetiran Ametist DOL\u017dINA: prilagodljiva od 16-25 cm TE\u017dA: 16.7g VELIKOST KAMNOV: 6-10mm<\/p>","protected":false},"featured_media":13778,"template":"","meta":[],"product_brand":[],"product_cat":[33,820,187,848,212,29,821,822,823,1137],"product_tag":[463,333,462,458],"class_list":{"0":"post-6434","1":"product","2":"type-product","3":"status-publish","4":"has-post-thumbnail","6":"product_cat-ametist","7":"product_cat-do-18cm","8":"product_cat-kolekcije","9":"product_cat-kvarc","10":"product_cat-macrame-2","11":"product_cat-nakup-po-kamnih","12":"product_cat-od-18-do-19cm","13":"product_cat-od-19-do-20cm","14":"product_cat-od-20cm","15":"product_cat-ogled-vseh-zapestnice-2","16":"product_tag-crna-bombazno-voscena-vrvica","17":"product_tag-fasetiran-ametist","18":"product_tag-macrame","19":"product_tag-zapestnica","21":"first","22":"outofstock","23":"sold-individually","24":"purchasable","25":"product-type-simple"},"_links":{"self":[{"href":"https:\/\/moirai.si\/de\/wp-json\/wp\/v2\/product\/6434","targetHints":{"allow":["GET"]}}],"collection":[{"href":"https:\/\/moirai.si\/de\/wp-json\/wp\/v2\/product"}],"about":[{"href":"https:\/\/moirai.si\/de\/wp-json\/wp\/v2\/types\/product"}],"wp:featuredmedia":[{"embeddable":true,"href":"https:\/\/moirai.si\/de\/wp-json\/wp\/v2\/media\/13778"}],"wp:attachment":[{"href":"https:\/\/moirai.si\/de\/wp-json\/wp\/v2\/media?parent=6434"}],"wp:term":[{"taxonomy":"product_brand","embeddable":true,"href":"https:\/\/moirai.si\/de\/wp-json\/wp\/v2\/product_brand?post=6434"},{"taxonomy":"product_cat","embeddable":true,"href":"https:\/\/moirai.si\/de\/wp-json\/wp\/v2\/product_cat?post=6434"},{"taxonomy":"product_tag","embeddable":true,"href":"https:\/\/moirai.si\/de\/wp-json\/wp\/v2\/product_tag?post=6434"}],"curies":[{"name":"wp","href":"https:\/\/api.w.org\/{rel}","templated":true}]}}