{"id":6775,"date":"2016-04-24T15:53:07","date_gmt":"2016-04-24T15:53:07","guid":{"rendered":"https:\/\/moirai.si\/?post_type=product&#038;p=6775"},"modified":"2026-03-26T12:37:33","modified_gmt":"2026-03-26T12:37:33","slug":"ahat-botswana-s","status":"publish","type":"product","link":"https:\/\/moirai.si\/de\/izdelek\/ahat-botsvana-s\/","title":{"rendered":"Achat Botswana S"},"content":{"rendered":"<p>Ein sch\u00f6nes St\u00fcck polierter Achat, geeignet als heilender Handstein oder als Geschenk. Das Bild ist symbolisch. Geringe Abweichungen in Farbe, Gewicht und Form k\u00f6nnen auftreten.<\/p>\n<p>Weitere Informationen: <a href=\"https:\/\/moirai.si\/de\/achat\/\" target=\"_blank\" rel=\"noopener noreferrer\">Achat<\/a><\/p>\n<p>MATERIAL: Achat (Botswana)<br \/>\nABMESSUNGEN: ca. 1-1,5 cm<br \/>\nGEWICHT: 5-10 g<\/p>","protected":false},"excerpt":{"rendered":"<p>\u010cudovit kos spoliranega Ahata, primeren kot zdravilni ro\u010dni kamen ali kot darilo. Slika je simboli\u010dna. Mo\u017ena so manj\u0161a odstopanja v barvi, te\u017ei in obliki. Ve\u010d informacij: Ahat MATERIAL: Ahat (Botsvana) DIMENZIJE: cca 1-1,5 cm TE\u017dA: 5-10 g<\/p>","protected":false},"featured_media":22268,"template":"","meta":[],"product_brand":[],"product_cat":[30,29,753],"product_tag":[277,479,481],"class_list":{"0":"post-6775","1":"product","2":"type-product","3":"status-publish","4":"has-post-thumbnail","6":"product_cat-ahat","7":"product_cat-nakup-po-kamnih","8":"product_cat-rocni-kamni","9":"product_tag-ahat","10":"product_tag-mineral","11":"product_tag-rocni-kamen","13":"first","14":"instock","15":"purchasable","16":"product-type-simple"},"_links":{"self":[{"href":"https:\/\/moirai.si\/de\/wp-json\/wp\/v2\/product\/6775","targetHints":{"allow":["GET"]}}],"collection":[{"href":"https:\/\/moirai.si\/de\/wp-json\/wp\/v2\/product"}],"about":[{"href":"https:\/\/moirai.si\/de\/wp-json\/wp\/v2\/types\/product"}],"wp:featuredmedia":[{"embeddable":true,"href":"https:\/\/moirai.si\/de\/wp-json\/wp\/v2\/media\/22268"}],"wp:attachment":[{"href":"https:\/\/moirai.si\/de\/wp-json\/wp\/v2\/media?parent=6775"}],"wp:term":[{"taxonomy":"product_brand","embeddable":true,"href":"https:\/\/moirai.si\/de\/wp-json\/wp\/v2\/product_brand?post=6775"},{"taxonomy":"product_cat","embeddable":true,"href":"https:\/\/moirai.si\/de\/wp-json\/wp\/v2\/product_cat?post=6775"},{"taxonomy":"product_tag","embeddable":true,"href":"https:\/\/moirai.si\/de\/wp-json\/wp\/v2\/product_tag?post=6775"}],"curies":[{"name":"wp","href":"https:\/\/api.w.org\/{rel}","templated":true}]}}