{"id":7343,"date":"2016-11-07T15:46:04","date_gmt":"2016-11-07T15:46:04","guid":{"rendered":"https:\/\/moirai.si\/?post_type=product&#038;p=7343"},"modified":"2026-03-26T12:46:51","modified_gmt":"2026-03-26T12:46:51","slug":"lapislazuli","status":"publish","type":"product","link":"https:\/\/moirai.si\/de\/izdelek\/lapis-lazuli\/","title":{"rendered":"Lapislazuli S"},"content":{"rendered":"<p>Ein sch\u00f6nes St\u00fcck polierter Lapislazuli, geeignet als heilender Handstein oder als Geschenk. Die Abbildung ist symbolisch. Geringe Abweichungen in Farbe, Gewicht und Form sind m\u00f6glich.<\/p>\n<p>Weitere Informationen: <a href=\"https:\/\/moirai.si\/de\/lapislazuli\/\" target=\"_blank\" rel=\"noopener noreferrer\">Lapislazuli<\/a><\/p>\n<p>MATERIAL: Lapislazuli (Afghanistan)<br \/>\nABMESSUNGEN: 1-2 cm<br \/>\nGEWICHT: 5-10 g<\/p>","protected":false},"excerpt":{"rendered":"<p>\u010cudovit kos spoliranega Lapis Lazulija, primeren kot zdravilni ro\u010dni kamen ali kot darilo. Slika je simboli\u010dna. Mo\u017ena so manj\u0161a odstopanja v barvi, te\u017ei in obliki. Ve\u010d informacij: Lapis Lazuli MATERIAL: Lapis Lazuli (Afganistan) DIMENZIJE: 1-2 cm TE\u017dA: 5-10 g<\/p>","protected":false},"featured_media":22411,"template":"","meta":[],"product_brand":[],"product_cat":[55,753],"product_tag":[280],"class_list":{"0":"post-7343","1":"product","2":"type-product","3":"status-publish","4":"has-post-thumbnail","6":"product_cat-lapis-lazuli","7":"product_cat-rocni-kamni","8":"product_tag-lapis-lazuli","10":"first","11":"instock","12":"purchasable","13":"product-type-simple"},"_links":{"self":[{"href":"https:\/\/moirai.si\/de\/wp-json\/wp\/v2\/product\/7343","targetHints":{"allow":["GET"]}}],"collection":[{"href":"https:\/\/moirai.si\/de\/wp-json\/wp\/v2\/product"}],"about":[{"href":"https:\/\/moirai.si\/de\/wp-json\/wp\/v2\/types\/product"}],"wp:featuredmedia":[{"embeddable":true,"href":"https:\/\/moirai.si\/de\/wp-json\/wp\/v2\/media\/22411"}],"wp:attachment":[{"href":"https:\/\/moirai.si\/de\/wp-json\/wp\/v2\/media?parent=7343"}],"wp:term":[{"taxonomy":"product_brand","embeddable":true,"href":"https:\/\/moirai.si\/de\/wp-json\/wp\/v2\/product_brand?post=7343"},{"taxonomy":"product_cat","embeddable":true,"href":"https:\/\/moirai.si\/de\/wp-json\/wp\/v2\/product_cat?post=7343"},{"taxonomy":"product_tag","embeddable":true,"href":"https:\/\/moirai.si\/de\/wp-json\/wp\/v2\/product_tag?post=7343"}],"curies":[{"name":"wp","href":"https:\/\/api.w.org\/{rel}","templated":true}]}}