{"id":7349,"date":"2016-11-07T16:58:43","date_gmt":"2016-11-07T16:58:43","guid":{"rendered":"https:\/\/moirai.si\/?post_type=product&#038;p=7349"},"modified":"2025-01-08T17:36:46","modified_gmt":"2025-01-08T17:36:46","slug":"steinblitz-m","status":"publish","type":"product","link":"https:\/\/moirai.si\/de\/izdelek\/kamena-strela-m\/","title":{"rendered":"Bergkristall M"},"content":{"rendered":"<p>Ein wundersch\u00f6nes St\u00fcck polierter Lightning Stone, geeignet als heilender Handstein oder als Geschenk. Die Abbildung ist symbolisch. Geringe Abweichungen in Farbe, Gewicht und Form sind m\u00f6glich.<\/p>\n<p>Weitere Informationen: <a href=\"https:\/\/moirai.si\/de\/bergkristall\/\" target=\"_blank\" rel=\"noopener noreferrer\">Bergkristall<\/a><\/p>\n<p>MATERIAL: Kamena Strela<br \/>\nABMESSUNGEN: 2-4 cm<br \/>\nGEWICHT: 10-20 g<\/p>","protected":false},"excerpt":{"rendered":"<p>\u010cudovit kos spolirane \u0161pice iz Kamene Strele, primeren kot zdravilni ro\u010dni kamen ali kot darilo. Slika je simboli\u010dna. Mo\u017ena so manj\u0161a odstopanja v barvi, te\u017ei in obliki. Ve\u010d informacij: Kamena Strela MATERIAL:\u00a0 Kamena Strela DIMENZIJE: 2-4 cm TE\u017dA: 10-20 g<\/p>","protected":false},"featured_media":25758,"template":"","meta":[],"product_brand":[],"product_cat":[68,185,848],"product_tag":[203,555],"class_list":{"0":"post-7349","1":"product","2":"type-product","3":"status-publish","4":"has-post-thumbnail","6":"product_cat-kamena-strela","7":"product_cat-kristali-in-minerali","8":"product_cat-kvarc","9":"product_tag-kamena-strela","10":"product_tag-spica","12":"first","13":"instock","14":"purchasable","15":"product-type-simple"},"_links":{"self":[{"href":"https:\/\/moirai.si\/de\/wp-json\/wp\/v2\/product\/7349","targetHints":{"allow":["GET"]}}],"collection":[{"href":"https:\/\/moirai.si\/de\/wp-json\/wp\/v2\/product"}],"about":[{"href":"https:\/\/moirai.si\/de\/wp-json\/wp\/v2\/types\/product"}],"wp:featuredmedia":[{"embeddable":true,"href":"https:\/\/moirai.si\/de\/wp-json\/wp\/v2\/media\/25758"}],"wp:attachment":[{"href":"https:\/\/moirai.si\/de\/wp-json\/wp\/v2\/media?parent=7349"}],"wp:term":[{"taxonomy":"product_brand","embeddable":true,"href":"https:\/\/moirai.si\/de\/wp-json\/wp\/v2\/product_brand?post=7349"},{"taxonomy":"product_cat","embeddable":true,"href":"https:\/\/moirai.si\/de\/wp-json\/wp\/v2\/product_cat?post=7349"},{"taxonomy":"product_tag","embeddable":true,"href":"https:\/\/moirai.si\/de\/wp-json\/wp\/v2\/product_tag?post=7349"}],"curies":[{"name":"wp","href":"https:\/\/api.w.org\/{rel}","templated":true}]}}