{"id":8044,"date":"2017-01-29T14:28:34","date_gmt":"2017-01-29T14:28:34","guid":{"rendered":"https:\/\/moirai.si\/?post_type=product&#038;p=8044\/"},"modified":"2025-01-14T11:33:45","modified_gmt":"2025-01-14T11:33:45","slug":"argo-mix-2","status":"publish","type":"product","link":"https:\/\/moirai.si\/de\/izdelek\/argo-mix-2\/","title":{"rendered":"Argo-Mix"},"content":{"rendered":"<p>H\u00fcbsche Ohrringe aus der Argo-Kollektion, hergestellt aus Tigerauge, Onyx, H\u00e4matit und 925er Silber.<\/p>\n<p>MATERIAL: Tigerauge, Onyx, H\u00e4matit, Sterling Silber 925<br \/>\nGEWICHT: 7,8g<br \/>\nSTEINGR\u00d6SSE: 6-8mm<br \/>\nL\u00c4NGE DES OHRES: 5cm<\/p>","protected":false},"excerpt":{"rendered":"<p>Prikupni uhani kolekcije Argo, ki so narejeni iz Tigrovega O\u010desa, Oniksa, Hematita in srebra 925. MATERIAL: Tigrovo Oko, Oniks, Hematit, Srebro 925 TE\u017dA: 7,8g VELIKOST KAMNOV: 6-8mm DOL\u017dINA UHANA: 5cm<\/p>","protected":false},"featured_media":25918,"template":"","meta":[],"product_brand":[],"product_cat":[191,42,1138,62,81,27,1140],"product_tag":[202,206,371,199],"class_list":{"0":"post-8044","1":"product","2":"type-product","3":"status-publish","4":"has-post-thumbnail","6":"product_cat-argo","7":"product_cat-hematit","8":"product_cat-ogled-vseh-uhani","9":"product_cat-oniks","10":"product_cat-tigrovo-oko","11":"product_cat-uhani","12":"product_cat-uhani-argo","13":"product_tag-hematit","14":"product_tag-oniks","15":"product_tag-srebro-925","16":"product_tag-tigrovo-oko","18":"first","19":"instock","20":"purchasable","21":"product-type-simple"},"_links":{"self":[{"href":"https:\/\/moirai.si\/de\/wp-json\/wp\/v2\/product\/8044","targetHints":{"allow":["GET"]}}],"collection":[{"href":"https:\/\/moirai.si\/de\/wp-json\/wp\/v2\/product"}],"about":[{"href":"https:\/\/moirai.si\/de\/wp-json\/wp\/v2\/types\/product"}],"wp:featuredmedia":[{"embeddable":true,"href":"https:\/\/moirai.si\/de\/wp-json\/wp\/v2\/media\/25918"}],"wp:attachment":[{"href":"https:\/\/moirai.si\/de\/wp-json\/wp\/v2\/media?parent=8044"}],"wp:term":[{"taxonomy":"product_brand","embeddable":true,"href":"https:\/\/moirai.si\/de\/wp-json\/wp\/v2\/product_brand?post=8044"},{"taxonomy":"product_cat","embeddable":true,"href":"https:\/\/moirai.si\/de\/wp-json\/wp\/v2\/product_cat?post=8044"},{"taxonomy":"product_tag","embeddable":true,"href":"https:\/\/moirai.si\/de\/wp-json\/wp\/v2\/product_tag?post=8044"}],"curies":[{"name":"wp","href":"https:\/\/api.w.org\/{rel}","templated":true}]}}