{"id":8047,"date":"2017-01-29T14:33:23","date_gmt":"2017-01-29T14:33:23","guid":{"rendered":"https:\/\/moirai.si\/?post_type=product&#038;p=8047\/"},"modified":"2025-01-12T20:01:36","modified_gmt":"2025-01-12T20:01:36","slug":"argo-hamatit-koralle","status":"publish","type":"product","link":"https:\/\/moirai.si\/de\/izdelek\/argo-hematit-korala\/","title":{"rendered":"Argo H\u00e4matit Koralle"},"content":{"rendered":"<p>H\u00fcbsche Ohrringe aus der Argo-Kollektion, hergestellt aus Bambuskoralle, H\u00e4matit und 925er Sterlingsilber.<\/p>\n<p>MATERIAL: rote Bambuskoralle, H\u00e4matit, Silber 925<br \/>\nGEWICHT: 7,1g<br \/>\nSTEINGR\u00d6SSE: 6-8mm<br \/>\nL\u00c4NGE DES OHRES: 4,5cm<\/p>","protected":false},"excerpt":{"rendered":"<p>Prikupni uhani kolekcije Argo, ki so narejeni iz Bambus Korale, Hematita in srebra 925. MATERIAL: rde\u010da Bambus Korala, Hematit, Srebro 925 TE\u017dA: 7,1g VELIKOST KAMNOV: 6-8mm DOL\u017dINA UHANA: 4,5cm<\/p>","protected":false},"featured_media":24132,"template":"","meta":[],"product_brand":[],"product_cat":[191,53,42,1138,27,1140],"product_tag":[224,202,371],"class_list":{"0":"post-8047","1":"product","2":"type-product","3":"status-publish","4":"has-post-thumbnail","6":"product_cat-argo","7":"product_cat-bambus-korala","8":"product_cat-hematit","9":"product_cat-ogled-vseh-uhani","10":"product_cat-uhani","11":"product_cat-uhani-argo","12":"product_tag-bambus-korala","13":"product_tag-hematit","14":"product_tag-srebro-925","16":"first","17":"instock","18":"purchasable","19":"product-type-simple"},"_links":{"self":[{"href":"https:\/\/moirai.si\/de\/wp-json\/wp\/v2\/product\/8047","targetHints":{"allow":["GET"]}}],"collection":[{"href":"https:\/\/moirai.si\/de\/wp-json\/wp\/v2\/product"}],"about":[{"href":"https:\/\/moirai.si\/de\/wp-json\/wp\/v2\/types\/product"}],"wp:featuredmedia":[{"embeddable":true,"href":"https:\/\/moirai.si\/de\/wp-json\/wp\/v2\/media\/24132"}],"wp:attachment":[{"href":"https:\/\/moirai.si\/de\/wp-json\/wp\/v2\/media?parent=8047"}],"wp:term":[{"taxonomy":"product_brand","embeddable":true,"href":"https:\/\/moirai.si\/de\/wp-json\/wp\/v2\/product_brand?post=8047"},{"taxonomy":"product_cat","embeddable":true,"href":"https:\/\/moirai.si\/de\/wp-json\/wp\/v2\/product_cat?post=8047"},{"taxonomy":"product_tag","embeddable":true,"href":"https:\/\/moirai.si\/de\/wp-json\/wp\/v2\/product_tag?post=8047"}],"curies":[{"name":"wp","href":"https:\/\/api.w.org\/{rel}","templated":true}]}}