{"id":8104,"date":"2017-01-29T16:53:22","date_gmt":"2017-01-29T16:53:22","guid":{"rendered":"https:\/\/moirai.si\/?post_type=product&#038;p=8104\/"},"modified":"2025-12-22T13:13:07","modified_gmt":"2025-12-22T13:13:07","slug":"klassisch-ahat-2","status":"publish","type":"product","link":"https:\/\/moirai.si\/de\/izdelek\/clasic-ahat-2\/","title":{"rendered":"Klassisches Achat"},"content":{"rendered":"<p>Elegantes Armband aus der Clasic-Kollektion, hergestellt aus Achat und 925er Silber, aufgereiht auf einem weichen, aber starken Stahldraht. Die Abbildung ist symbolisch. Leichte Farbabweichungen sind m\u00f6glich. <\/p>\n<p>Weitere Informationen: <a href=\"https:\/\/moirai.si\/de\/achat\/\" target=\"_blank\" rel=\"noopener noreferrer\">Achat<\/a><\/p>\n<p>MATERIAL: Achat, Sterling Silber 925<br \/>\nL\u00c4NGE: einstellbar 17,5-20 cm<br \/>\nGEWICHT: 14,3 g<br \/>\nSTEINGR\u00d6SSE: 8 mm<br \/>\nSchlie\u00dfe: 9mm<\/p>","protected":false},"excerpt":{"rendered":"<p>Elegantna zapestnica kolekcije Clasic, ki je narejena iz Ahata ter srebrnih 925 elementov, nizana na mehko, vendar mo\u010dno jekleno \u017eico. Slika je simboli\u010dna. Mo\u017ena so manj\u0161a odstopanja v barvi. Ve\u010d informacij: Ahat MATERIAL: Ahat, Srebro 925 DOL\u017dINA: prilagodljiva 17.5-20 cm TE\u017dA: 14.3 g VELIKOST KAMNOV: 8 mm ZAPONKA: 9mm<\/p>","protected":false},"featured_media":20890,"template":"","meta":[],"product_brand":[],"product_cat":[30,208,820,821,822,823,1137],"product_tag":[319,371],"class_list":{"0":"post-8104","1":"product","2":"type-product","3":"status-publish","4":"has-post-thumbnail","6":"product_cat-ahat","7":"product_cat-clasic","8":"product_cat-do-18cm","9":"product_cat-od-18-do-19cm","10":"product_cat-od-19-do-20cm","11":"product_cat-od-20cm","12":"product_cat-ogled-vseh-zapestnice-2","13":"product_tag-fasetiran-ahat","14":"product_tag-srebro-925","16":"first","17":"instock","18":"purchasable","19":"product-type-simple"},"_links":{"self":[{"href":"https:\/\/moirai.si\/de\/wp-json\/wp\/v2\/product\/8104","targetHints":{"allow":["GET"]}}],"collection":[{"href":"https:\/\/moirai.si\/de\/wp-json\/wp\/v2\/product"}],"about":[{"href":"https:\/\/moirai.si\/de\/wp-json\/wp\/v2\/types\/product"}],"wp:featuredmedia":[{"embeddable":true,"href":"https:\/\/moirai.si\/de\/wp-json\/wp\/v2\/media\/20890"}],"wp:attachment":[{"href":"https:\/\/moirai.si\/de\/wp-json\/wp\/v2\/media?parent=8104"}],"wp:term":[{"taxonomy":"product_brand","embeddable":true,"href":"https:\/\/moirai.si\/de\/wp-json\/wp\/v2\/product_brand?post=8104"},{"taxonomy":"product_cat","embeddable":true,"href":"https:\/\/moirai.si\/de\/wp-json\/wp\/v2\/product_cat?post=8104"},{"taxonomy":"product_tag","embeddable":true,"href":"https:\/\/moirai.si\/de\/wp-json\/wp\/v2\/product_tag?post=8104"}],"curies":[{"name":"wp","href":"https:\/\/api.w.org\/{rel}","templated":true}]}}