{"id":8713,"date":"2017-11-13T15:42:15","date_gmt":"2017-11-13T15:42:15","guid":{"rendered":"https:\/\/moirai.si\/?post_type=product&#038;p=8713"},"modified":"2025-11-11T13:34:23","modified_gmt":"2025-11-11T13:34:23","slug":"stammbaum-mit","status":"publish","type":"product","link":"https:\/\/moirai.si\/de\/izdelek\/rodokrozit-s\/","title":{"rendered":"Rhodochrosit S"},"content":{"rendered":"<p>Ein sch\u00f6nes St\u00fcck polierter Rhodochrosit, geeignet als heilender Handstein oder als Geschenk. Das Bild ist symbolisch. Geringe Abweichungen in Farbe, Gewicht und Form sind m\u00f6glich.<\/p>\n<p>Weitere Informationen: <a href=\"https:\/\/moirai.si\/de\/rhodochrosit\/\" target=\"_blank\" rel=\"noopener noreferrer\">Rhodochrosit<\/a><\/p>\n<p>MATERIAL: Rhodochrosit (Argentinien)<br \/>\nABMESSUNGEN: ca. 3 cm<br \/>\nGEWICHT: 8-10 g<\/p>","protected":false},"excerpt":{"rendered":"<p>\u010cudovit kos spoliranega Rodokrozita, primeren kot zdravilni ro\u010dni kamen ali kot darilo. Slika je simboli\u010dna. Mo\u017ena so manj\u0161a odstopanja v barvi, te\u017ei in obliki. Ve\u010d informacij: Rodokrozit MATERIAL: Rodokrozit (Argentina) DIMENZIJE: cca 3 cm TE\u017dA: 8-10 g<\/p>","protected":false},"featured_media":22453,"template":"","meta":[],"product_brand":[],"product_cat":[753,71],"product_tag":[397],"class_list":{"0":"post-8713","1":"product","2":"type-product","3":"status-publish","4":"has-post-thumbnail","6":"product_cat-rocni-kamni","7":"product_cat-rodokrozit","8":"product_tag-rodokrozit","10":"first","11":"instock","12":"purchasable","13":"product-type-simple"},"_links":{"self":[{"href":"https:\/\/moirai.si\/de\/wp-json\/wp\/v2\/product\/8713","targetHints":{"allow":["GET"]}}],"collection":[{"href":"https:\/\/moirai.si\/de\/wp-json\/wp\/v2\/product"}],"about":[{"href":"https:\/\/moirai.si\/de\/wp-json\/wp\/v2\/types\/product"}],"wp:featuredmedia":[{"embeddable":true,"href":"https:\/\/moirai.si\/de\/wp-json\/wp\/v2\/media\/22453"}],"wp:attachment":[{"href":"https:\/\/moirai.si\/de\/wp-json\/wp\/v2\/media?parent=8713"}],"wp:term":[{"taxonomy":"product_brand","embeddable":true,"href":"https:\/\/moirai.si\/de\/wp-json\/wp\/v2\/product_brand?post=8713"},{"taxonomy":"product_cat","embeddable":true,"href":"https:\/\/moirai.si\/de\/wp-json\/wp\/v2\/product_cat?post=8713"},{"taxonomy":"product_tag","embeddable":true,"href":"https:\/\/moirai.si\/de\/wp-json\/wp\/v2\/product_tag?post=8713"}],"curies":[{"name":"wp","href":"https:\/\/api.w.org\/{rel}","templated":true}]}}