{"id":9382,"date":"2017-12-28T09:42:08","date_gmt":"2017-12-28T09:42:08","guid":{"rendered":"https:\/\/moirai.si\/?post_type=product&#038;p=9382"},"modified":"2026-03-15T12:58:36","modified_gmt":"2026-03-15T12:58:36","slug":"fluorit-grun-l","status":"publish","type":"product","link":"https:\/\/moirai.si\/de\/izdelek\/fluorit-zeleni-l\/","title":{"rendered":"Fluorit Gr\u00fcn L"},"content":{"rendered":"<p>Ein sch\u00f6nes St\u00fcck polierter gr\u00fcner Fluorit (Mexiko), geeignet als heilender Handstein oder als Geschenk. Die Abbildung ist symbolisch. Geringe Abweichungen in Farbe, Gewicht und Form k\u00f6nnen auftreten.<\/p>\n<p>Weitere Informationen: <a href=\"https:\/\/moirai.si\/de\/fluorit\/\" target=\"_blank\" rel=\"noopener noreferrer\">Fluorit<\/a><\/p>\n<p>MATERIAL: gr\u00fcner Fluorit<br \/>\nABMESSUNGEN: 3-5 cm<br \/>\nGEWICHT: 15-25 g<\/p>","protected":false},"excerpt":{"rendered":"<p>\u010cudovit kos spoliranega zelenega Fluorita (Mehika), primeren kot zdravilni ro\u010dni kamen ali kot darilo. Slika je simboli\u010dna. Mo\u017ena so manj\u0161a odstopanja v barvi, te\u017ei in obliki. Ve\u010d informacij: Fluorit MATERIAL: zeleni Fluorit DIMENZIJE: 3-5 cm TE\u017dA: 15-25 g<\/p>","protected":false},"featured_media":19186,"template":"","meta":[],"product_brand":[],"product_cat":[39,753],"product_tag":[793],"class_list":{"0":"post-9382","1":"product","2":"type-product","3":"status-publish","4":"has-post-thumbnail","6":"product_cat-fluorit","7":"product_cat-rocni-kamni","8":"product_tag-zeleni-fluorit","10":"first","11":"outofstock","12":"purchasable","13":"product-type-simple"},"_links":{"self":[{"href":"https:\/\/moirai.si\/de\/wp-json\/wp\/v2\/product\/9382","targetHints":{"allow":["GET"]}}],"collection":[{"href":"https:\/\/moirai.si\/de\/wp-json\/wp\/v2\/product"}],"about":[{"href":"https:\/\/moirai.si\/de\/wp-json\/wp\/v2\/types\/product"}],"wp:featuredmedia":[{"embeddable":true,"href":"https:\/\/moirai.si\/de\/wp-json\/wp\/v2\/media\/19186"}],"wp:attachment":[{"href":"https:\/\/moirai.si\/de\/wp-json\/wp\/v2\/media?parent=9382"}],"wp:term":[{"taxonomy":"product_brand","embeddable":true,"href":"https:\/\/moirai.si\/de\/wp-json\/wp\/v2\/product_brand?post=9382"},{"taxonomy":"product_cat","embeddable":true,"href":"https:\/\/moirai.si\/de\/wp-json\/wp\/v2\/product_cat?post=9382"},{"taxonomy":"product_tag","embeddable":true,"href":"https:\/\/moirai.si\/de\/wp-json\/wp\/v2\/product_tag?post=9382"}],"curies":[{"name":"wp","href":"https:\/\/api.w.org\/{rel}","templated":true}]}}