{"id":9656,"date":"2018-01-24T10:16:02","date_gmt":"2018-01-24T10:16:02","guid":{"rendered":"https:\/\/moirai.si\/?post_type=product&#038;p=9656"},"modified":"2025-06-18T13:04:33","modified_gmt":"2025-06-18T13:04:33","slug":"versy-rot-2","status":"publish","type":"product","link":"https:\/\/moirai.si\/de\/izdelek\/versy-prehnit-2\/","title":{"rendered":"Versy Prehnit"},"content":{"rendered":"<p>Einzigartiger Anh\u00e4nger aus der Versy-Kollektion in Prehnit an einem schwarzen Lederband mit verstellbarer L\u00e4nge (den Knoten nach oben oder unten ziehen). Die Kette ist unisex und f\u00fcr Kinder und Erwachsene geeignet.<\/p>\n<p>Weitere Informationen: <a href=\"https:\/\/moirai.si\/de\/rot\/\" target=\"_blank\" rel=\"noopener noreferrer\">Prehnit<\/a><\/p>\n<p>MATERIAL: Prehnit, schwarzes Leder<br \/>\nL\u00c4NGE: flexibel (38-77 cm)<br \/>\nGEWICHT: 9,2 g<br \/>\nGr\u00f6\u00dfe des Steins: 2,5 x 2,5 cm<br \/>\nSTEINDICKE: 1 cm<\/p>","protected":false},"excerpt":{"rendered":"<p>Unikaten obesek kolekcije Versy iz Prehnita na \u010drnem usnjenem traku s prilagodljivo dol\u017eino (poteg vozla gor oz. dol). Ogrlica je unisex in je primerna za otroke in odrasle. Ve\u010d informacij: Prehnit MATERIAL: Prehnit, \u010drno usnje DOL\u017dINA: prilagodljiva (38-77 cm) TE\u017dA: 9,2 g VELIKOST KAMNA: 2,5 x 2,5 cm DEBELINA KAMNA: 1 cm<\/p>","protected":false},"featured_media":18280,"template":"","meta":[],"product_brand":[],"product_cat":[187,92,701,309],"product_tag":[648,699],"class_list":{"0":"post-9656","1":"product","2":"type-product","3":"status-publish","4":"has-post-thumbnail","6":"product_cat-kolekcije","7":"product_cat-obeski-in-usnje","8":"product_cat-prehnit","9":"product_cat-versy","10":"product_tag-crno-usnje","11":"product_tag-prehnit","13":"first","14":"instock","15":"purchasable","16":"product-type-simple"},"_links":{"self":[{"href":"https:\/\/moirai.si\/de\/wp-json\/wp\/v2\/product\/9656","targetHints":{"allow":["GET"]}}],"collection":[{"href":"https:\/\/moirai.si\/de\/wp-json\/wp\/v2\/product"}],"about":[{"href":"https:\/\/moirai.si\/de\/wp-json\/wp\/v2\/types\/product"}],"wp:featuredmedia":[{"embeddable":true,"href":"https:\/\/moirai.si\/de\/wp-json\/wp\/v2\/media\/18280"}],"wp:attachment":[{"href":"https:\/\/moirai.si\/de\/wp-json\/wp\/v2\/media?parent=9656"}],"wp:term":[{"taxonomy":"product_brand","embeddable":true,"href":"https:\/\/moirai.si\/de\/wp-json\/wp\/v2\/product_brand?post=9656"},{"taxonomy":"product_cat","embeddable":true,"href":"https:\/\/moirai.si\/de\/wp-json\/wp\/v2\/product_cat?post=9656"},{"taxonomy":"product_tag","embeddable":true,"href":"https:\/\/moirai.si\/de\/wp-json\/wp\/v2\/product_tag?post=9656"}],"curies":[{"name":"wp","href":"https:\/\/api.w.org\/{rel}","templated":true}]}}